{"id":1523,"date":"2019-11-13T09:08:18","date_gmt":"2019-11-13T07:08:18","guid":{"rendered":"http:\/\/hellohoney.fi\/?post_type=product&#038;p=1523"},"modified":"2026-01-31T16:43:41","modified_gmt":"2026-01-31T14:43:41","slug":"hello-honey-im-one-of-a-kind-mesikastehunaja","status":"publish","type":"product","link":"https:\/\/hellohoney.fi\/fi\/tuote\/hello-honey-im-one-of-a-kind-mesikastehunaja\/","title":{"rendered":"Hello honey, I&#8217;m one of a kind (mesikastehunaja) 150 g"},"content":{"rendered":"","protected":false},"excerpt":{"rendered":"<p>Hello honey, I&#8217;m one of a kind on sarja ainutlaatuisimpia yksikukkahunajia. Mehil\u00e4iset ovat vierailleet p\u00e4\u00e4asiassa juuri tietyn kasvin kukissa, joista ne ovat ker\u00e4nneet hunajan valmistamiseen tarvitsemansa meden. Tarkka kasvialkuper\u00e4 antaa kullekin lajihunajalle tyypilliset ominaisuudet: omaleimaisen maun, v\u00e4rin ja koostumuksen. Lajihunajat ker\u00e4t\u00e4\u00e4n talteen heti satokasvin kukinnan j\u00e4lkeen. Hunaja arvioidaan aistinvaraisesti ja tarvittaessa sen kasvialkuper\u00e4 varmennetaan laboratorioanalyysin avulla.<\/p>\n<p>Mesikaste on kirvojen tyypillisesti jalopuista tuottamaa sokeripitoista nestett\u00e4. Mehil\u00e4iset ker\u00e4\u00e4v\u00e4t sit\u00e4 ja valmistavat siit\u00e4 mesikastehunajaa. Olet saattanut t\u00f6rm\u00e4t\u00e4 mesikasteeseen kes\u00e4ll\u00e4 kaupunkien katukiveyksill\u00e4. S\u00e4\u00e4olojen ollessa suotuisat, valuu mesikastetta lehmuksista asfaltille ja ep\u00e4onnekkaasti parkkeerattujen autojen p\u00e4\u00e4lle.<\/p>\n<p>Mesikastehunaja on Keski-Euroopassa hyvin suosittu lajihunaja. V\u00e4rilt\u00e4\u00e4n mesikastehunaja on tumma: v\u00e4ri vaihtelee p\u00e4hkin\u00e4nruskeasta viininpunaiseen ja jopa l\u00e4hes mustaan. Se pysyy keskim\u00e4\u00e4r\u00e4ist\u00e4 hunajaa pidemp\u00e4\u00e4n juoksevana ja maku on voimakkaan mets\u00e4inen ja pihkainen.\u00a0 Mesikastehunaja on tuottamistani yksikukkahunajista voimakkaimman makuinen. Mesikastehunaja purkitetaan juoksevana, mutta ajan my\u00f6t\u00e4 se kiteytyy.<\/p>\n<p>&nbsp;<\/p>\n<p>&nbsp;<\/p>\n<p>Nettopaino: 150 g<\/p>\n<p>Parasta ennen -p\u00e4iv\u00e4ys: 1.12.2027<\/p>\n<p>Toimituskulut kotimaassa: 4,95 \u20ac\/tilaus<\/p>\n","protected":false},"featured_media":1351,"comment_status":"open","ping_status":"closed","template":"","meta":[],"product_brand":[],"product_cat":[51],"product_tag":[66,85,65,86,64],"class_list":{"0":"post-1523","1":"product","2":"type-product","3":"status-publish","4":"has-post-thumbnail","6":"product_cat-hunaja","7":"product_tag-hunaja","8":"product_tag-juokseva-hunaja","9":"product_tag-lajihunaja","10":"product_tag-mesikastehunaja","11":"product_tag-yksikukkahunaja","12":"product_shipping_class-toimitus-2","14":"first","15":"instock","16":"taxable","17":"shipping-taxable","18":"purchasable","19":"product-type-simple"},"yoast_head":"<!-- This site is optimized with the Yoast SEO plugin v26.8 - https:\/\/yoast.com\/product\/yoast-seo-wordpress\/ -->\n<title>Hello honey, I&#039;m one of a kind (mesikastehunaja) 150 g - Hello honey<\/title>\n<meta name=\"description\" content=\"Mesikastehunaja on tumma ja se pysyy muita lajihunajia pidemp\u00e4\u00e4n juoksevana. Mesikastehunaja on tuottamistani hunajista voimakkaimman makuinen.\" \/>\n<meta name=\"robots\" content=\"index, follow, max-snippet:-1, max-image-preview:large, max-video-preview:-1\" \/>\n<link rel=\"canonical\" href=\"https:\/\/hellohoney.fi\/fi\/tuote\/hello-honey-im-one-of-a-kind-mesikastehunaja\/\" \/>\n<meta property=\"og:locale\" content=\"fi_FI\" \/>\n<meta property=\"og:type\" content=\"article\" \/>\n<meta property=\"og:title\" content=\"Hello honey, I&#039;m one of a kind (mesikastehunaja) 150 g - Hello honey\" \/>\n<meta property=\"og:description\" content=\"Mesikastehunaja on tumma ja se pysyy muita lajihunajia pidemp\u00e4\u00e4n juoksevana. Mesikastehunaja on tuottamistani hunajista voimakkaimman makuinen.\" \/>\n<meta property=\"og:url\" content=\"https:\/\/hellohoney.fi\/fi\/tuote\/hello-honey-im-one-of-a-kind-mesikastehunaja\/\" \/>\n<meta property=\"og:site_name\" content=\"Hello honey\" \/>\n<meta property=\"article:modified_time\" content=\"2026-01-31T14:43:41+00:00\" \/>\n<meta property=\"og:image\" content=\"https:\/\/hellohoney.fi\/wp-content\/uploads\/2019\/03\/hellohoney_oneofakind_puolukkahunaja_productimage.jpg\" \/>\n\t<meta property=\"og:image:width\" content=\"1080\" \/>\n\t<meta property=\"og:image:height\" content=\"1080\" \/>\n\t<meta property=\"og:image:type\" content=\"image\/jpeg\" \/>\n<meta name=\"twitter:card\" content=\"summary_large_image\" \/>\n<meta name=\"twitter:label1\" content=\"Arvioitu lukuaika\" \/>\n\t<meta name=\"twitter:data1\" content=\"1 minuutti\" \/>\n<script type=\"application\/ld+json\" class=\"yoast-schema-graph\">{\"@context\":\"https:\/\/schema.org\",\"@graph\":[{\"@type\":\"WebPage\",\"@id\":\"https:\/\/hellohoney.fi\/fi\/tuote\/hello-honey-im-one-of-a-kind-mesikastehunaja\/\",\"url\":\"https:\/\/hellohoney.fi\/fi\/tuote\/hello-honey-im-one-of-a-kind-mesikastehunaja\/\",\"name\":\"Hello honey, I'm one of a kind (mesikastehunaja) 150 g - Hello honey\",\"isPartOf\":{\"@id\":\"https:\/\/hellohoney.fi\/#website\"},\"primaryImageOfPage\":{\"@id\":\"https:\/\/hellohoney.fi\/fi\/tuote\/hello-honey-im-one-of-a-kind-mesikastehunaja\/#primaryimage\"},\"image\":{\"@id\":\"https:\/\/hellohoney.fi\/fi\/tuote\/hello-honey-im-one-of-a-kind-mesikastehunaja\/#primaryimage\"},\"thumbnailUrl\":\"https:\/\/hellohoney.fi\/wp-content\/uploads\/2019\/03\/hellohoney_oneofakind_puolukkahunaja_productimage.jpg\",\"datePublished\":\"2019-11-13T07:08:18+00:00\",\"dateModified\":\"2026-01-31T14:43:41+00:00\",\"description\":\"Mesikastehunaja on tumma ja se pysyy muita lajihunajia pidemp\u00e4\u00e4n juoksevana. Mesikastehunaja on tuottamistani hunajista voimakkaimman makuinen.\",\"breadcrumb\":{\"@id\":\"https:\/\/hellohoney.fi\/fi\/tuote\/hello-honey-im-one-of-a-kind-mesikastehunaja\/#breadcrumb\"},\"inLanguage\":\"fi\",\"potentialAction\":[{\"@type\":\"ReadAction\",\"target\":[\"https:\/\/hellohoney.fi\/fi\/tuote\/hello-honey-im-one-of-a-kind-mesikastehunaja\/\"]}]},{\"@type\":\"ImageObject\",\"inLanguage\":\"fi\",\"@id\":\"https:\/\/hellohoney.fi\/fi\/tuote\/hello-honey-im-one-of-a-kind-mesikastehunaja\/#primaryimage\",\"url\":\"https:\/\/hellohoney.fi\/wp-content\/uploads\/2019\/03\/hellohoney_oneofakind_puolukkahunaja_productimage.jpg\",\"contentUrl\":\"https:\/\/hellohoney.fi\/wp-content\/uploads\/2019\/03\/hellohoney_oneofakind_puolukkahunaja_productimage.jpg\",\"width\":1080,\"height\":1080},{\"@type\":\"BreadcrumbList\",\"@id\":\"https:\/\/hellohoney.fi\/fi\/tuote\/hello-honey-im-one-of-a-kind-mesikastehunaja\/#breadcrumb\",\"itemListElement\":[{\"@type\":\"ListItem\",\"position\":1,\"name\":\"Home\",\"item\":\"https:\/\/hellohoney.fi\/fi\/\"},{\"@type\":\"ListItem\",\"position\":2,\"name\":\"Kauppa\",\"item\":\"https:\/\/hellohoney.fi\/fi\/shop\/\"},{\"@type\":\"ListItem\",\"position\":3,\"name\":\"Hello honey, I&#8217;m one of a kind (mesikastehunaja) 150 g\"}]},{\"@type\":\"WebSite\",\"@id\":\"https:\/\/hellohoney.fi\/#website\",\"url\":\"https:\/\/hellohoney.fi\/\",\"name\":\"Hello honey\",\"description\":\"BEES\u2019 RECIPE \u2013 NOTHING ADDED, NOTHING TAKEN AWAY\",\"potentialAction\":[{\"@type\":\"SearchAction\",\"target\":{\"@type\":\"EntryPoint\",\"urlTemplate\":\"https:\/\/hellohoney.fi\/?s={search_term_string}\"},\"query-input\":{\"@type\":\"PropertyValueSpecification\",\"valueRequired\":true,\"valueName\":\"search_term_string\"}}],\"inLanguage\":\"fi\"}]}<\/script>\n<!-- \/ Yoast SEO plugin. -->","yoast_head_json":{"title":"Hello honey, I'm one of a kind (mesikastehunaja) 150 g - Hello honey","description":"Mesikastehunaja on tumma ja se pysyy muita lajihunajia pidemp\u00e4\u00e4n juoksevana. Mesikastehunaja on tuottamistani hunajista voimakkaimman makuinen.","robots":{"index":"index","follow":"follow","max-snippet":"max-snippet:-1","max-image-preview":"max-image-preview:large","max-video-preview":"max-video-preview:-1"},"canonical":"https:\/\/hellohoney.fi\/fi\/tuote\/hello-honey-im-one-of-a-kind-mesikastehunaja\/","og_locale":"fi_FI","og_type":"article","og_title":"Hello honey, I'm one of a kind (mesikastehunaja) 150 g - Hello honey","og_description":"Mesikastehunaja on tumma ja se pysyy muita lajihunajia pidemp\u00e4\u00e4n juoksevana. Mesikastehunaja on tuottamistani hunajista voimakkaimman makuinen.","og_url":"https:\/\/hellohoney.fi\/fi\/tuote\/hello-honey-im-one-of-a-kind-mesikastehunaja\/","og_site_name":"Hello honey","article_modified_time":"2026-01-31T14:43:41+00:00","og_image":[{"width":1080,"height":1080,"url":"https:\/\/hellohoney.fi\/wp-content\/uploads\/2019\/03\/hellohoney_oneofakind_puolukkahunaja_productimage.jpg","type":"image\/jpeg"}],"twitter_card":"summary_large_image","twitter_misc":{"Arvioitu lukuaika":"1 minuutti"},"schema":{"@context":"https:\/\/schema.org","@graph":[{"@type":"WebPage","@id":"https:\/\/hellohoney.fi\/fi\/tuote\/hello-honey-im-one-of-a-kind-mesikastehunaja\/","url":"https:\/\/hellohoney.fi\/fi\/tuote\/hello-honey-im-one-of-a-kind-mesikastehunaja\/","name":"Hello honey, I'm one of a kind (mesikastehunaja) 150 g - Hello honey","isPartOf":{"@id":"https:\/\/hellohoney.fi\/#website"},"primaryImageOfPage":{"@id":"https:\/\/hellohoney.fi\/fi\/tuote\/hello-honey-im-one-of-a-kind-mesikastehunaja\/#primaryimage"},"image":{"@id":"https:\/\/hellohoney.fi\/fi\/tuote\/hello-honey-im-one-of-a-kind-mesikastehunaja\/#primaryimage"},"thumbnailUrl":"https:\/\/hellohoney.fi\/wp-content\/uploads\/2019\/03\/hellohoney_oneofakind_puolukkahunaja_productimage.jpg","datePublished":"2019-11-13T07:08:18+00:00","dateModified":"2026-01-31T14:43:41+00:00","description":"Mesikastehunaja on tumma ja se pysyy muita lajihunajia pidemp\u00e4\u00e4n juoksevana. Mesikastehunaja on tuottamistani hunajista voimakkaimman makuinen.","breadcrumb":{"@id":"https:\/\/hellohoney.fi\/fi\/tuote\/hello-honey-im-one-of-a-kind-mesikastehunaja\/#breadcrumb"},"inLanguage":"fi","potentialAction":[{"@type":"ReadAction","target":["https:\/\/hellohoney.fi\/fi\/tuote\/hello-honey-im-one-of-a-kind-mesikastehunaja\/"]}]},{"@type":"ImageObject","inLanguage":"fi","@id":"https:\/\/hellohoney.fi\/fi\/tuote\/hello-honey-im-one-of-a-kind-mesikastehunaja\/#primaryimage","url":"https:\/\/hellohoney.fi\/wp-content\/uploads\/2019\/03\/hellohoney_oneofakind_puolukkahunaja_productimage.jpg","contentUrl":"https:\/\/hellohoney.fi\/wp-content\/uploads\/2019\/03\/hellohoney_oneofakind_puolukkahunaja_productimage.jpg","width":1080,"height":1080},{"@type":"BreadcrumbList","@id":"https:\/\/hellohoney.fi\/fi\/tuote\/hello-honey-im-one-of-a-kind-mesikastehunaja\/#breadcrumb","itemListElement":[{"@type":"ListItem","position":1,"name":"Home","item":"https:\/\/hellohoney.fi\/fi\/"},{"@type":"ListItem","position":2,"name":"Kauppa","item":"https:\/\/hellohoney.fi\/fi\/shop\/"},{"@type":"ListItem","position":3,"name":"Hello honey, I&#8217;m one of a kind (mesikastehunaja) 150 g"}]},{"@type":"WebSite","@id":"https:\/\/hellohoney.fi\/#website","url":"https:\/\/hellohoney.fi\/","name":"Hello honey","description":"BEES\u2019 RECIPE \u2013 NOTHING ADDED, NOTHING TAKEN AWAY","potentialAction":[{"@type":"SearchAction","target":{"@type":"EntryPoint","urlTemplate":"https:\/\/hellohoney.fi\/?s={search_term_string}"},"query-input":{"@type":"PropertyValueSpecification","valueRequired":true,"valueName":"search_term_string"}}],"inLanguage":"fi"}]}},"_links":{"self":[{"href":"https:\/\/hellohoney.fi\/fi\/wp-json\/wp\/v2\/product\/1523","targetHints":{"allow":["GET"]}}],"collection":[{"href":"https:\/\/hellohoney.fi\/fi\/wp-json\/wp\/v2\/product"}],"about":[{"href":"https:\/\/hellohoney.fi\/fi\/wp-json\/wp\/v2\/types\/product"}],"replies":[{"embeddable":true,"href":"https:\/\/hellohoney.fi\/fi\/wp-json\/wp\/v2\/comments?post=1523"}],"wp:featuredmedia":[{"embeddable":true,"href":"https:\/\/hellohoney.fi\/fi\/wp-json\/wp\/v2\/media\/1351"}],"wp:attachment":[{"href":"https:\/\/hellohoney.fi\/fi\/wp-json\/wp\/v2\/media?parent=1523"}],"wp:term":[{"taxonomy":"product_brand","embeddable":true,"href":"https:\/\/hellohoney.fi\/fi\/wp-json\/wp\/v2\/product_brand?post=1523"},{"taxonomy":"product_cat","embeddable":true,"href":"https:\/\/hellohoney.fi\/fi\/wp-json\/wp\/v2\/product_cat?post=1523"},{"taxonomy":"product_tag","embeddable":true,"href":"https:\/\/hellohoney.fi\/fi\/wp-json\/wp\/v2\/product_tag?post=1523"}],"curies":[{"name":"wp","href":"https:\/\/api.w.org\/{rel}","templated":true}]}}