{"id":1333,"date":"2019-09-19T14:08:43","date_gmt":"2019-09-19T12:08:43","guid":{"rendered":"http:\/\/hellohoney.fi\/?post_type=product&#038;p=1333"},"modified":"2025-12-23T20:23:24","modified_gmt":"2025-12-23T18:23:24","slug":"hello-honey-im-one-of-a-kind-voikukkahunaja","status":"publish","type":"product","link":"https:\/\/hellohoney.fi\/fi\/tuote\/hello-honey-im-one-of-a-kind-voikukkahunaja\/","title":{"rendered":"Hello honey, I&#8217;m one of a kind (voikukkahunaja) 150 g"},"content":{"rendered":"","protected":false},"excerpt":{"rendered":"<p>Loppuunmyyty! Seuraava mahdollinen tuotantoajankohta on kes\u00e4ll\u00e4 2026, toivotaan hyv\u00e4\u00e4 voikukkavuotta.<\/p>\n<p>Hello honey, I&#8217;m one of a kind on sarja ainutlaatuisimpia yksikukkahunajia. Mehil\u00e4iset ovat vierailleet p\u00e4\u00e4asiassa juuri tietyn kasvin kukissa, joista ne ovat ker\u00e4nneet hunajan valmistamiseen tarvitsemansa meden. Tarkka kasvialkuper\u00e4 antaa kullekin lajihunajalle tyypilliset ominaisuudet: omaleimaisen maun, v\u00e4rin ja koostumuksen. Lajihunajat ker\u00e4t\u00e4\u00e4n talteen heti satokasvin kukinnan j\u00e4lkeen. Hunaja arvioidaan aistinvaraisesti ja tarvittaessa sen kasvialkuper\u00e4 varmennetaan laboratorioanalyysin avulla.<\/p>\n<p>Voikukka (<em>Taraxacum officinale<\/em>) on alkukes\u00e4n t\u00e4rkein ravintokasvi mehil\u00e4isille. Jos kes\u00e4 alkaa aurinkoisissa merkeiss\u00e4, tarjoutuu mahdollisuus voikukkahunajan tuottamiseen. Voikukkahunajan v\u00e4ri vaihtelee kev\u00e4\u00e4nkeltaisesta kanariankeltaiseen. Poikkeava v\u00e4ri on yksi tyypillisin tuntomerkki t\u00e4lle yksikukkahunajalle.<\/p>\n<p>Kun voikukkahunajapurkin avaa, muistuttaa tuoksu merivedess\u00e4 kastunutta villasukkaa. Voikukkahunaja on keskimakea lajihunaja, jonka makumaailmassa on vivahdus lakritsaa. Voikukkahunaja pakataan juoksevana, jonka j\u00e4lkeen se luonnostaan kiteytyy eli kovettuu. T\u00e4m\u00e4n j\u00e4lkeen voikukkahunaja on koostumukseltaan lohkeava. Suutuntuma on hienokiteinen.<\/p>\n<p>Nettopaino: 150 g<\/p>\n<p>Parasta ennen -p\u00e4iv\u00e4ys: 27.10.2025<\/p>\n<p>Toimituskulut kotimaassa: 4,95 \u20ac\/tilaus<\/p>\n","protected":false},"featured_media":1345,"comment_status":"open","ping_status":"closed","template":"","meta":[],"product_brand":[],"product_cat":[51],"product_tag":[66,68,65,67,63,64],"class_list":{"0":"post-1333","1":"product","2":"type-product","3":"status-publish","4":"has-post-thumbnail","6":"product_cat-hunaja","7":"product_tag-hunaja","8":"product_tag-kova-hunaja","9":"product_tag-lajihunaja","10":"product_tag-lohkeava-hunaja","11":"product_tag-voikukkahunaja","12":"product_tag-yksikukkahunaja","13":"product_shipping_class-toimitus-2","15":"first","16":"outofstock","17":"taxable","18":"shipping-taxable","19":"purchasable","20":"product-type-simple"},"yoast_head":"<!-- This site is optimized with the Yoast SEO plugin v26.8 - https:\/\/yoast.com\/product\/yoast-seo-wordpress\/ -->\n<title>Hello honey, I&#039;m one of a kind (voikukkahunaja) 150 g - Hello honey<\/title>\n<meta name=\"description\" content=\"Voikukkahunajan v\u00e4ri vaihtelee kev\u00e4\u00e4nkeltaisesta kirkkaankeltaiseen. Voikukkahunaja on keskimakea lajihunaja, jonka makumaailmassa on vivahdus lakritsaa.\" \/>\n<meta name=\"robots\" content=\"index, follow, max-snippet:-1, max-image-preview:large, max-video-preview:-1\" \/>\n<link rel=\"canonical\" href=\"https:\/\/hellohoney.fi\/fi\/tuote\/hello-honey-im-one-of-a-kind-voikukkahunaja\/\" \/>\n<meta property=\"og:locale\" content=\"fi_FI\" \/>\n<meta property=\"og:type\" content=\"article\" \/>\n<meta property=\"og:title\" content=\"Hello honey, I&#039;m one of a kind (voikukkahunaja) 150 g - Hello honey\" \/>\n<meta property=\"og:description\" content=\"Voikukkahunajan v\u00e4ri vaihtelee kev\u00e4\u00e4nkeltaisesta kirkkaankeltaiseen. Voikukkahunaja on keskimakea lajihunaja, jonka makumaailmassa on vivahdus lakritsaa.\" \/>\n<meta property=\"og:url\" content=\"https:\/\/hellohoney.fi\/fi\/tuote\/hello-honey-im-one-of-a-kind-voikukkahunaja\/\" \/>\n<meta property=\"og:site_name\" content=\"Hello honey\" \/>\n<meta property=\"article:modified_time\" content=\"2025-12-23T18:23:24+00:00\" \/>\n<meta property=\"og:image\" content=\"https:\/\/hellohoney.fi\/wp-content\/uploads\/2019\/03\/hellohoney_oneofakind_voikukkahunaja_productimage.jpg\" \/>\n\t<meta property=\"og:image:width\" content=\"1080\" \/>\n\t<meta property=\"og:image:height\" content=\"1080\" \/>\n\t<meta property=\"og:image:type\" content=\"image\/jpeg\" \/>\n<meta name=\"twitter:card\" content=\"summary_large_image\" \/>\n<meta name=\"twitter:label1\" content=\"Arvioitu lukuaika\" \/>\n\t<meta name=\"twitter:data1\" content=\"1 minuutti\" \/>\n<script type=\"application\/ld+json\" class=\"yoast-schema-graph\">{\"@context\":\"https:\/\/schema.org\",\"@graph\":[{\"@type\":\"WebPage\",\"@id\":\"https:\/\/hellohoney.fi\/fi\/tuote\/hello-honey-im-one-of-a-kind-voikukkahunaja\/\",\"url\":\"https:\/\/hellohoney.fi\/fi\/tuote\/hello-honey-im-one-of-a-kind-voikukkahunaja\/\",\"name\":\"Hello honey, I'm one of a kind (voikukkahunaja) 150 g - Hello honey\",\"isPartOf\":{\"@id\":\"https:\/\/hellohoney.fi\/#website\"},\"primaryImageOfPage\":{\"@id\":\"https:\/\/hellohoney.fi\/fi\/tuote\/hello-honey-im-one-of-a-kind-voikukkahunaja\/#primaryimage\"},\"image\":{\"@id\":\"https:\/\/hellohoney.fi\/fi\/tuote\/hello-honey-im-one-of-a-kind-voikukkahunaja\/#primaryimage\"},\"thumbnailUrl\":\"https:\/\/hellohoney.fi\/wp-content\/uploads\/2019\/03\/hellohoney_oneofakind_voikukkahunaja_productimage.jpg\",\"datePublished\":\"2019-09-19T12:08:43+00:00\",\"dateModified\":\"2025-12-23T18:23:24+00:00\",\"description\":\"Voikukkahunajan v\u00e4ri vaihtelee kev\u00e4\u00e4nkeltaisesta kirkkaankeltaiseen. Voikukkahunaja on keskimakea lajihunaja, jonka makumaailmassa on vivahdus lakritsaa.\",\"breadcrumb\":{\"@id\":\"https:\/\/hellohoney.fi\/fi\/tuote\/hello-honey-im-one-of-a-kind-voikukkahunaja\/#breadcrumb\"},\"inLanguage\":\"fi\",\"potentialAction\":[{\"@type\":\"ReadAction\",\"target\":[\"https:\/\/hellohoney.fi\/fi\/tuote\/hello-honey-im-one-of-a-kind-voikukkahunaja\/\"]}]},{\"@type\":\"ImageObject\",\"inLanguage\":\"fi\",\"@id\":\"https:\/\/hellohoney.fi\/fi\/tuote\/hello-honey-im-one-of-a-kind-voikukkahunaja\/#primaryimage\",\"url\":\"https:\/\/hellohoney.fi\/wp-content\/uploads\/2019\/03\/hellohoney_oneofakind_voikukkahunaja_productimage.jpg\",\"contentUrl\":\"https:\/\/hellohoney.fi\/wp-content\/uploads\/2019\/03\/hellohoney_oneofakind_voikukkahunaja_productimage.jpg\",\"width\":1080,\"height\":1080},{\"@type\":\"BreadcrumbList\",\"@id\":\"https:\/\/hellohoney.fi\/fi\/tuote\/hello-honey-im-one-of-a-kind-voikukkahunaja\/#breadcrumb\",\"itemListElement\":[{\"@type\":\"ListItem\",\"position\":1,\"name\":\"Home\",\"item\":\"https:\/\/hellohoney.fi\/fi\/\"},{\"@type\":\"ListItem\",\"position\":2,\"name\":\"Kauppa\",\"item\":\"https:\/\/hellohoney.fi\/fi\/shop\/\"},{\"@type\":\"ListItem\",\"position\":3,\"name\":\"Hello honey, I&#8217;m one of a kind (voikukkahunaja) 150 g\"}]},{\"@type\":\"WebSite\",\"@id\":\"https:\/\/hellohoney.fi\/#website\",\"url\":\"https:\/\/hellohoney.fi\/\",\"name\":\"Hello honey\",\"description\":\"BEES\u2019 RECIPE \u2013 NOTHING ADDED, NOTHING TAKEN AWAY\",\"potentialAction\":[{\"@type\":\"SearchAction\",\"target\":{\"@type\":\"EntryPoint\",\"urlTemplate\":\"https:\/\/hellohoney.fi\/?s={search_term_string}\"},\"query-input\":{\"@type\":\"PropertyValueSpecification\",\"valueRequired\":true,\"valueName\":\"search_term_string\"}}],\"inLanguage\":\"fi\"}]}<\/script>\n<!-- \/ Yoast SEO plugin. -->","yoast_head_json":{"title":"Hello honey, I'm one of a kind (voikukkahunaja) 150 g - Hello honey","description":"Voikukkahunajan v\u00e4ri vaihtelee kev\u00e4\u00e4nkeltaisesta kirkkaankeltaiseen. Voikukkahunaja on keskimakea lajihunaja, jonka makumaailmassa on vivahdus lakritsaa.","robots":{"index":"index","follow":"follow","max-snippet":"max-snippet:-1","max-image-preview":"max-image-preview:large","max-video-preview":"max-video-preview:-1"},"canonical":"https:\/\/hellohoney.fi\/fi\/tuote\/hello-honey-im-one-of-a-kind-voikukkahunaja\/","og_locale":"fi_FI","og_type":"article","og_title":"Hello honey, I'm one of a kind (voikukkahunaja) 150 g - Hello honey","og_description":"Voikukkahunajan v\u00e4ri vaihtelee kev\u00e4\u00e4nkeltaisesta kirkkaankeltaiseen. Voikukkahunaja on keskimakea lajihunaja, jonka makumaailmassa on vivahdus lakritsaa.","og_url":"https:\/\/hellohoney.fi\/fi\/tuote\/hello-honey-im-one-of-a-kind-voikukkahunaja\/","og_site_name":"Hello honey","article_modified_time":"2025-12-23T18:23:24+00:00","og_image":[{"width":1080,"height":1080,"url":"https:\/\/hellohoney.fi\/wp-content\/uploads\/2019\/03\/hellohoney_oneofakind_voikukkahunaja_productimage.jpg","type":"image\/jpeg"}],"twitter_card":"summary_large_image","twitter_misc":{"Arvioitu lukuaika":"1 minuutti"},"schema":{"@context":"https:\/\/schema.org","@graph":[{"@type":"WebPage","@id":"https:\/\/hellohoney.fi\/fi\/tuote\/hello-honey-im-one-of-a-kind-voikukkahunaja\/","url":"https:\/\/hellohoney.fi\/fi\/tuote\/hello-honey-im-one-of-a-kind-voikukkahunaja\/","name":"Hello honey, I'm one of a kind (voikukkahunaja) 150 g - Hello honey","isPartOf":{"@id":"https:\/\/hellohoney.fi\/#website"},"primaryImageOfPage":{"@id":"https:\/\/hellohoney.fi\/fi\/tuote\/hello-honey-im-one-of-a-kind-voikukkahunaja\/#primaryimage"},"image":{"@id":"https:\/\/hellohoney.fi\/fi\/tuote\/hello-honey-im-one-of-a-kind-voikukkahunaja\/#primaryimage"},"thumbnailUrl":"https:\/\/hellohoney.fi\/wp-content\/uploads\/2019\/03\/hellohoney_oneofakind_voikukkahunaja_productimage.jpg","datePublished":"2019-09-19T12:08:43+00:00","dateModified":"2025-12-23T18:23:24+00:00","description":"Voikukkahunajan v\u00e4ri vaihtelee kev\u00e4\u00e4nkeltaisesta kirkkaankeltaiseen. Voikukkahunaja on keskimakea lajihunaja, jonka makumaailmassa on vivahdus lakritsaa.","breadcrumb":{"@id":"https:\/\/hellohoney.fi\/fi\/tuote\/hello-honey-im-one-of-a-kind-voikukkahunaja\/#breadcrumb"},"inLanguage":"fi","potentialAction":[{"@type":"ReadAction","target":["https:\/\/hellohoney.fi\/fi\/tuote\/hello-honey-im-one-of-a-kind-voikukkahunaja\/"]}]},{"@type":"ImageObject","inLanguage":"fi","@id":"https:\/\/hellohoney.fi\/fi\/tuote\/hello-honey-im-one-of-a-kind-voikukkahunaja\/#primaryimage","url":"https:\/\/hellohoney.fi\/wp-content\/uploads\/2019\/03\/hellohoney_oneofakind_voikukkahunaja_productimage.jpg","contentUrl":"https:\/\/hellohoney.fi\/wp-content\/uploads\/2019\/03\/hellohoney_oneofakind_voikukkahunaja_productimage.jpg","width":1080,"height":1080},{"@type":"BreadcrumbList","@id":"https:\/\/hellohoney.fi\/fi\/tuote\/hello-honey-im-one-of-a-kind-voikukkahunaja\/#breadcrumb","itemListElement":[{"@type":"ListItem","position":1,"name":"Home","item":"https:\/\/hellohoney.fi\/fi\/"},{"@type":"ListItem","position":2,"name":"Kauppa","item":"https:\/\/hellohoney.fi\/fi\/shop\/"},{"@type":"ListItem","position":3,"name":"Hello honey, I&#8217;m one of a kind (voikukkahunaja) 150 g"}]},{"@type":"WebSite","@id":"https:\/\/hellohoney.fi\/#website","url":"https:\/\/hellohoney.fi\/","name":"Hello honey","description":"BEES\u2019 RECIPE \u2013 NOTHING ADDED, NOTHING TAKEN AWAY","potentialAction":[{"@type":"SearchAction","target":{"@type":"EntryPoint","urlTemplate":"https:\/\/hellohoney.fi\/?s={search_term_string}"},"query-input":{"@type":"PropertyValueSpecification","valueRequired":true,"valueName":"search_term_string"}}],"inLanguage":"fi"}]}},"_links":{"self":[{"href":"https:\/\/hellohoney.fi\/fi\/wp-json\/wp\/v2\/product\/1333","targetHints":{"allow":["GET"]}}],"collection":[{"href":"https:\/\/hellohoney.fi\/fi\/wp-json\/wp\/v2\/product"}],"about":[{"href":"https:\/\/hellohoney.fi\/fi\/wp-json\/wp\/v2\/types\/product"}],"replies":[{"embeddable":true,"href":"https:\/\/hellohoney.fi\/fi\/wp-json\/wp\/v2\/comments?post=1333"}],"wp:featuredmedia":[{"embeddable":true,"href":"https:\/\/hellohoney.fi\/fi\/wp-json\/wp\/v2\/media\/1345"}],"wp:attachment":[{"href":"https:\/\/hellohoney.fi\/fi\/wp-json\/wp\/v2\/media?parent=1333"}],"wp:term":[{"taxonomy":"product_brand","embeddable":true,"href":"https:\/\/hellohoney.fi\/fi\/wp-json\/wp\/v2\/product_brand?post=1333"},{"taxonomy":"product_cat","embeddable":true,"href":"https:\/\/hellohoney.fi\/fi\/wp-json\/wp\/v2\/product_cat?post=1333"},{"taxonomy":"product_tag","embeddable":true,"href":"https:\/\/hellohoney.fi\/fi\/wp-json\/wp\/v2\/product_tag?post=1333"}],"curies":[{"name":"wp","href":"https:\/\/api.w.org\/{rel}","templated":true}]}}