{"id":1108,"date":"2019-03-25T11:35:39","date_gmt":"2019-03-25T09:35:39","guid":{"rendered":"http:\/\/hellohoney.fi\/?post_type=product&#038;p=1108"},"modified":"2025-12-23T20:30:14","modified_gmt":"2025-12-23T18:30:14","slug":"hello-honey-im-late","status":"publish","type":"product","link":"https:\/\/hellohoney.fi\/fi\/tuote\/hello-honey-im-late\/","title":{"rendered":"Hello honey, I&#8217;m late (loppukes\u00e4n lajihunaja) 275 g"},"content":{"rendered":"","protected":false},"excerpt":{"rendered":"<p>Hello honey, I\u2019m late on kotimainen loppukes\u00e4n lajihunaja. Mehil\u00e4iset ovat vierailleet ahkerasti vadelmassa, apilassa ja rypsiss\u00e4, joista hunaja on saanut upean valkoisen v\u00e4rins\u00e4. Hunaja on siivil\u00f6ity ja pehme\u00e4ksi vaivattu siihen mit\u00e4\u00e4n lis\u00e4\u00e4m\u00e4tt\u00e4 ja siit\u00e4 mit\u00e4\u00e4n pois ottamatta.<\/p>\n<p>Hello honey, I&#8217;m late on tyylik\u00e4s lahja. Lasinen hunajapurkki on mustaan silkkipaperiin k\u00e4\u00e4rittyn\u00e4 mattamustassa lahjapakkauksessa. Pakkaus on suunniteltu Suomessa ja my\u00f6s valmistettu t\u00e4\u00e4ll\u00e4 niilt\u00e4 osin kuin kotimaista pakkausvalmistusta l\u00f6ytyy. Lahjapakkaus ja lasipurkin etiketti on tehty Suomessa, lasipurkki Virossa ja metallikansi Liettuassa. Hunaja tuotetaan omilla mehil\u00e4ispesill\u00e4 Suomessa.<\/p>\n<p>Hello honey, I&#8217;m late voitti Uudenmaan paras hunaja -kilpailun lanseerausvuonnaan. &#8221;Suussa sulavaa&#8221; oli arvosteluraadin kommentti. T\u00e4t\u00e4 hunajaa vied\u00e4\u00e4n Sveitsiin, jossa sit\u00e4 markkinoidaan kaikkien hunajien samppanjana.<\/p>\n<p>Nettopaino: 275 g<\/p>\n<p>Parasta ennen -p\u00e4iv\u00e4ys: 1.12.2027<\/p>\n<p>Toimituskulut kotimaassa: 4,95 \u20ac\/tilaus<\/p>\n","protected":false},"featured_media":1461,"comment_status":"open","ping_status":"closed","template":"","meta":[],"product_brand":[],"product_cat":[51],"product_tag":[],"class_list":{"0":"post-1108","1":"product","2":"type-product","3":"status-publish","4":"has-post-thumbnail","6":"product_cat-hunaja","7":"product_shipping_class-toimitus-2","9":"first","10":"instock","11":"taxable","12":"shipping-taxable","13":"purchasable","14":"product-type-simple"},"yoast_head":"<!-- This site is optimized with the Yoast SEO plugin v26.8 - https:\/\/yoast.com\/product\/yoast-seo-wordpress\/ -->\n<title>Hello honey, I&#039;m late (loppukes\u00e4n lajihunaja) 275 g - Hello honey<\/title>\n<meta name=\"description\" content=\"Hello honey, I\u2019m late on loppukes\u00e4n lajihunaja. Mehil\u00e4iset ovat vierailleet ahkerasti vadelmassa, apilassa ja rypsiss\u00e4, joten hunaja on valkoista.\" \/>\n<meta name=\"robots\" content=\"index, follow, max-snippet:-1, max-image-preview:large, max-video-preview:-1\" \/>\n<link rel=\"canonical\" href=\"https:\/\/hellohoney.fi\/fi\/tuote\/hello-honey-im-late\/\" \/>\n<meta property=\"og:locale\" content=\"fi_FI\" \/>\n<meta property=\"og:type\" content=\"article\" \/>\n<meta property=\"og:title\" content=\"Hello honey, I&#039;m late (loppukes\u00e4n lajihunaja) 275 g - Hello honey\" \/>\n<meta property=\"og:description\" content=\"Hello honey, I\u2019m late on loppukes\u00e4n lajihunaja. Mehil\u00e4iset ovat vierailleet ahkerasti vadelmassa, apilassa ja rypsiss\u00e4, joten hunaja on valkoista.\" \/>\n<meta property=\"og:url\" content=\"https:\/\/hellohoney.fi\/fi\/tuote\/hello-honey-im-late\/\" \/>\n<meta property=\"og:site_name\" content=\"Hello honey\" \/>\n<meta property=\"article:modified_time\" content=\"2025-12-23T18:30:14+00:00\" \/>\n<meta property=\"og:image\" content=\"https:\/\/hellohoney.fi\/wp-content\/uploads\/2019\/03\/hellohoney_04.jpg\" \/>\n\t<meta property=\"og:image:width\" content=\"1080\" \/>\n\t<meta property=\"og:image:height\" content=\"1620\" \/>\n\t<meta property=\"og:image:type\" content=\"image\/jpeg\" \/>\n<meta name=\"twitter:card\" content=\"summary_large_image\" \/>\n<meta name=\"twitter:label1\" content=\"Arvioitu lukuaika\" \/>\n\t<meta name=\"twitter:data1\" content=\"1 minuutti\" \/>\n<script type=\"application\/ld+json\" class=\"yoast-schema-graph\">{\"@context\":\"https:\/\/schema.org\",\"@graph\":[{\"@type\":\"WebPage\",\"@id\":\"https:\/\/hellohoney.fi\/fi\/tuote\/hello-honey-im-late\/\",\"url\":\"https:\/\/hellohoney.fi\/fi\/tuote\/hello-honey-im-late\/\",\"name\":\"Hello honey, I'm late (loppukes\u00e4n lajihunaja) 275 g - Hello honey\",\"isPartOf\":{\"@id\":\"https:\/\/hellohoney.fi\/#website\"},\"primaryImageOfPage\":{\"@id\":\"https:\/\/hellohoney.fi\/fi\/tuote\/hello-honey-im-late\/#primaryimage\"},\"image\":{\"@id\":\"https:\/\/hellohoney.fi\/fi\/tuote\/hello-honey-im-late\/#primaryimage\"},\"thumbnailUrl\":\"https:\/\/hellohoney.fi\/wp-content\/uploads\/2019\/03\/hellohoney_04.jpg\",\"datePublished\":\"2019-03-25T09:35:39+00:00\",\"dateModified\":\"2025-12-23T18:30:14+00:00\",\"description\":\"Hello honey, I\u2019m late on loppukes\u00e4n lajihunaja. Mehil\u00e4iset ovat vierailleet ahkerasti vadelmassa, apilassa ja rypsiss\u00e4, joten hunaja on valkoista.\",\"breadcrumb\":{\"@id\":\"https:\/\/hellohoney.fi\/fi\/tuote\/hello-honey-im-late\/#breadcrumb\"},\"inLanguage\":\"fi\",\"potentialAction\":[{\"@type\":\"ReadAction\",\"target\":[\"https:\/\/hellohoney.fi\/fi\/tuote\/hello-honey-im-late\/\"]}]},{\"@type\":\"ImageObject\",\"inLanguage\":\"fi\",\"@id\":\"https:\/\/hellohoney.fi\/fi\/tuote\/hello-honey-im-late\/#primaryimage\",\"url\":\"https:\/\/hellohoney.fi\/wp-content\/uploads\/2019\/03\/hellohoney_04.jpg\",\"contentUrl\":\"https:\/\/hellohoney.fi\/wp-content\/uploads\/2019\/03\/hellohoney_04.jpg\",\"width\":1080,\"height\":1620},{\"@type\":\"BreadcrumbList\",\"@id\":\"https:\/\/hellohoney.fi\/fi\/tuote\/hello-honey-im-late\/#breadcrumb\",\"itemListElement\":[{\"@type\":\"ListItem\",\"position\":1,\"name\":\"Home\",\"item\":\"https:\/\/hellohoney.fi\/fi\/\"},{\"@type\":\"ListItem\",\"position\":2,\"name\":\"Kauppa\",\"item\":\"https:\/\/hellohoney.fi\/fi\/shop\/\"},{\"@type\":\"ListItem\",\"position\":3,\"name\":\"Hello honey, I&#8217;m late (loppukes\u00e4n lajihunaja) 275 g\"}]},{\"@type\":\"WebSite\",\"@id\":\"https:\/\/hellohoney.fi\/#website\",\"url\":\"https:\/\/hellohoney.fi\/\",\"name\":\"Hello honey\",\"description\":\"BEES\u2019 RECIPE \u2013 NOTHING ADDED, NOTHING TAKEN AWAY\",\"potentialAction\":[{\"@type\":\"SearchAction\",\"target\":{\"@type\":\"EntryPoint\",\"urlTemplate\":\"https:\/\/hellohoney.fi\/?s={search_term_string}\"},\"query-input\":{\"@type\":\"PropertyValueSpecification\",\"valueRequired\":true,\"valueName\":\"search_term_string\"}}],\"inLanguage\":\"fi\"}]}<\/script>\n<!-- \/ Yoast SEO plugin. -->","yoast_head_json":{"title":"Hello honey, I'm late (loppukes\u00e4n lajihunaja) 275 g - Hello honey","description":"Hello honey, I\u2019m late on loppukes\u00e4n lajihunaja. Mehil\u00e4iset ovat vierailleet ahkerasti vadelmassa, apilassa ja rypsiss\u00e4, joten hunaja on valkoista.","robots":{"index":"index","follow":"follow","max-snippet":"max-snippet:-1","max-image-preview":"max-image-preview:large","max-video-preview":"max-video-preview:-1"},"canonical":"https:\/\/hellohoney.fi\/fi\/tuote\/hello-honey-im-late\/","og_locale":"fi_FI","og_type":"article","og_title":"Hello honey, I'm late (loppukes\u00e4n lajihunaja) 275 g - Hello honey","og_description":"Hello honey, I\u2019m late on loppukes\u00e4n lajihunaja. Mehil\u00e4iset ovat vierailleet ahkerasti vadelmassa, apilassa ja rypsiss\u00e4, joten hunaja on valkoista.","og_url":"https:\/\/hellohoney.fi\/fi\/tuote\/hello-honey-im-late\/","og_site_name":"Hello honey","article_modified_time":"2025-12-23T18:30:14+00:00","og_image":[{"width":1080,"height":1620,"url":"https:\/\/hellohoney.fi\/wp-content\/uploads\/2019\/03\/hellohoney_04.jpg","type":"image\/jpeg"}],"twitter_card":"summary_large_image","twitter_misc":{"Arvioitu lukuaika":"1 minuutti"},"schema":{"@context":"https:\/\/schema.org","@graph":[{"@type":"WebPage","@id":"https:\/\/hellohoney.fi\/fi\/tuote\/hello-honey-im-late\/","url":"https:\/\/hellohoney.fi\/fi\/tuote\/hello-honey-im-late\/","name":"Hello honey, I'm late (loppukes\u00e4n lajihunaja) 275 g - Hello honey","isPartOf":{"@id":"https:\/\/hellohoney.fi\/#website"},"primaryImageOfPage":{"@id":"https:\/\/hellohoney.fi\/fi\/tuote\/hello-honey-im-late\/#primaryimage"},"image":{"@id":"https:\/\/hellohoney.fi\/fi\/tuote\/hello-honey-im-late\/#primaryimage"},"thumbnailUrl":"https:\/\/hellohoney.fi\/wp-content\/uploads\/2019\/03\/hellohoney_04.jpg","datePublished":"2019-03-25T09:35:39+00:00","dateModified":"2025-12-23T18:30:14+00:00","description":"Hello honey, I\u2019m late on loppukes\u00e4n lajihunaja. Mehil\u00e4iset ovat vierailleet ahkerasti vadelmassa, apilassa ja rypsiss\u00e4, joten hunaja on valkoista.","breadcrumb":{"@id":"https:\/\/hellohoney.fi\/fi\/tuote\/hello-honey-im-late\/#breadcrumb"},"inLanguage":"fi","potentialAction":[{"@type":"ReadAction","target":["https:\/\/hellohoney.fi\/fi\/tuote\/hello-honey-im-late\/"]}]},{"@type":"ImageObject","inLanguage":"fi","@id":"https:\/\/hellohoney.fi\/fi\/tuote\/hello-honey-im-late\/#primaryimage","url":"https:\/\/hellohoney.fi\/wp-content\/uploads\/2019\/03\/hellohoney_04.jpg","contentUrl":"https:\/\/hellohoney.fi\/wp-content\/uploads\/2019\/03\/hellohoney_04.jpg","width":1080,"height":1620},{"@type":"BreadcrumbList","@id":"https:\/\/hellohoney.fi\/fi\/tuote\/hello-honey-im-late\/#breadcrumb","itemListElement":[{"@type":"ListItem","position":1,"name":"Home","item":"https:\/\/hellohoney.fi\/fi\/"},{"@type":"ListItem","position":2,"name":"Kauppa","item":"https:\/\/hellohoney.fi\/fi\/shop\/"},{"@type":"ListItem","position":3,"name":"Hello honey, I&#8217;m late (loppukes\u00e4n lajihunaja) 275 g"}]},{"@type":"WebSite","@id":"https:\/\/hellohoney.fi\/#website","url":"https:\/\/hellohoney.fi\/","name":"Hello honey","description":"BEES\u2019 RECIPE \u2013 NOTHING ADDED, NOTHING TAKEN AWAY","potentialAction":[{"@type":"SearchAction","target":{"@type":"EntryPoint","urlTemplate":"https:\/\/hellohoney.fi\/?s={search_term_string}"},"query-input":{"@type":"PropertyValueSpecification","valueRequired":true,"valueName":"search_term_string"}}],"inLanguage":"fi"}]}},"_links":{"self":[{"href":"https:\/\/hellohoney.fi\/fi\/wp-json\/wp\/v2\/product\/1108","targetHints":{"allow":["GET"]}}],"collection":[{"href":"https:\/\/hellohoney.fi\/fi\/wp-json\/wp\/v2\/product"}],"about":[{"href":"https:\/\/hellohoney.fi\/fi\/wp-json\/wp\/v2\/types\/product"}],"replies":[{"embeddable":true,"href":"https:\/\/hellohoney.fi\/fi\/wp-json\/wp\/v2\/comments?post=1108"}],"wp:featuredmedia":[{"embeddable":true,"href":"https:\/\/hellohoney.fi\/fi\/wp-json\/wp\/v2\/media\/1461"}],"wp:attachment":[{"href":"https:\/\/hellohoney.fi\/fi\/wp-json\/wp\/v2\/media?parent=1108"}],"wp:term":[{"taxonomy":"product_brand","embeddable":true,"href":"https:\/\/hellohoney.fi\/fi\/wp-json\/wp\/v2\/product_brand?post=1108"},{"taxonomy":"product_cat","embeddable":true,"href":"https:\/\/hellohoney.fi\/fi\/wp-json\/wp\/v2\/product_cat?post=1108"},{"taxonomy":"product_tag","embeddable":true,"href":"https:\/\/hellohoney.fi\/fi\/wp-json\/wp\/v2\/product_tag?post=1108"}],"curies":[{"name":"wp","href":"https:\/\/api.w.org\/{rel}","templated":true}]}}