{"id":995,"date":"2019-03-25T15:04:12","date_gmt":"2019-03-25T13:04:12","guid":{"rendered":"http:\/\/hellohoney.fi\/?page_id=995"},"modified":"2025-02-26T12:39:15","modified_gmt":"2025-02-26T10:39:15","slug":"tilaus-ja-toimitusehdot","status":"publish","type":"page","link":"https:\/\/hellohoney.fi\/fi\/tilaus-ja-toimitusehdot\/","title":{"rendered":"Tilaus- ja toimitusehdot"},"content":{"rendered":"<h1>1. Yleist\u00e4 verkkokaupasta<\/h1>\n<p>Verkkokaupassa hellohoney.fi tuotteita myy Finhoney Oy (2844190-8). Yritys toimii osoitteessa Brattn\u00e4sintie 479, 21630 Parainen. Saat meihin yhteyden s\u00e4hk\u00f6postitse hello@hellohoney.fi tai puhelimitse +358505923056. Verkkokaupassa noudatetaan kuluttajasuojalain 6. luvun et\u00e4kauppalakia.<\/p>\n<p>Tuotteiden hinnat sis\u00e4lt\u00e4v\u00e4t arvonlis\u00e4veron. Yritys pid\u00e4tt\u00e4\u00e4 oikeuden hintojen ja toimituskulujen muutoksiin.<\/p>\n<h1>2. Tilaaminen<\/h1>\n<p>Tuotteet tilataan osoitteesta www.hellohoney.fi ostoskorin kautta. Kaikki tilaukset vahvistetaan s\u00e4hk\u00f6postilla, jossa ilmoitetaan tilauksen hinta, toimituskulut sek\u00e4 yhteenveto tilatuista tuotteista. Tilausvahvistuksen saaminen edellytt\u00e4\u00e4 s\u00e4hk\u00f6postiosoitteen ilmoittamista tilauksen yhteydess\u00e4. Asiakas sitoutuu jokaisen tilauksen yhteydess\u00e4 voimassa oleviin toimitusehtoihin.<\/p>\n<h1>3. Tilausvahvistus<\/h1>\n<p>L\u00e4het\u00e4mme s\u00e4hk\u00f6postitse tilausvahvistuksen, josta n\u00e4et tilauksen hinnan, toimituskulut sek\u00e4 yhteenvedon tilatuista tuotteista. Jos et saa tilausvahvistusta lyhyen ajan kuluessa tilauksesi tekemisest\u00e4, ota yhteytt\u00e4 asiakaspalveluun osoitteessa hello@hellohoney.fi.<\/p>\n<h1>4. Maksutavat<\/h1>\n<p>Tuotteet ja niiden postikulut maksetaan tilauksen yhteydess\u00e4. Voit maksaa verkkokaupassa seuraavilla maksutavoilla:<\/p>\n<p><strong>Paypal<\/strong><\/p>\n<p>Paypal on internetiss\u00e4 toimiva maksujenv\u00e4litysj\u00e4rjestelm\u00e4, joka mahdollistaa verkkokauppatilausten maksamisen turvallisesti niin ulko- kuin kotimaassakin. Rahat siirtyv\u00e4t vastaanottajalle joko Paypal-tiliin liitetylt\u00e4 kortilta tai Paypal-tilill\u00e4 olevasta saldosta.<\/p>\n<p>Lue lis\u00e4\u00e4 Paypalilla maksamisesta osoitteesta https:\/\/www.paypal.com\/fi\/<\/p>\n<p><strong>Stripe<\/strong><\/p>\n<p>Stripe on maksunv\u00e4lityspalvelu, joka toimii kaikilla voimassaolevilla Visa- tai Mastercard-korteilla.<\/p>\n<p><strong>Paytrail<\/strong><\/p>\n<p>Maksunv\u00e4lityspalvelun toteuttajana ja maksupalveluntarjoajana toimii Paytrail Oyj (2122839-7) yhteisty\u00f6ss\u00e4 suomalaisten pankkien ja luottolaitosten kanssa. Paytrail Oyj n\u00e4kyy maksun saajana tiliotteella tai korttilaskulla ja v\u00e4litt\u00e4\u00e4 maksun kauppiaalle. Paytrail Oyj:ll\u00e4 on maksulaitoksen toimilupa. Reklamaatiotapauksissa pyyd\u00e4mme ottamaan ensisijaisesti yhteytt\u00e4 tuotteen toimittajaan.<\/p>\n<p>Paytrail Oyj, y-tunnus: 2122839-7<br \/>\nInnova 2<br \/>\nLutakonaukio 7<br \/>\n40100 Jyv\u00e4skyl\u00e4<br \/>\nwww.paytrail.com<\/p>\n<h1>5. Toimitusaika<\/h1>\n<p>Tilaustemme toimitusaika on 2-6 arkip\u00e4iv\u00e4\u00e4 ellei tuotteessa toisin mainita. Pid\u00e4t\u00e4mme oikeuden j\u00e4lkitoimituksiin.<\/p>\n<h1>6. Toimitustapa ja toimituskulut<\/h1>\n<p>Postitoimitus:<\/p>\n<p>Tuotteet toimitetaan pakettina, joka l\u00e4hetet\u00e4\u00e4n l\u00e4himp\u00e4\u00e4n postin noutopisteeseen. Kun paketti on noudettavissa postista, saat ilmoituksen tilauksen saapumisesta.<\/p>\n<p>Posti s\u00e4ilytt\u00e4\u00e4 tuotteita veloituksetta viikon (7 p\u00e4iv\u00e4\u00e4) niiden saapumisesta, mink\u00e4 j\u00e4lkeen paketti palautetaan l\u00e4hett\u00e4j\u00e4lle. Noutamattomista paketeista veloitamme 20 euron k\u00e4sittelymaksun.<\/p>\n<h1>7. Tuotteiden vaihto- ja palautusehdot<\/h1>\n<p>Myyntikelpoisella ja k\u00e4ytt\u00e4m\u00e4tt\u00f6m\u00e4ll\u00e4 tuotteella on kuluttajansuojalain mukainen 14 p\u00e4iv\u00e4n palautusoikeus, jolloin asiakas vastaa palautuskuluista.<\/p>\n<p>Jos haluat tehd\u00e4 palautuksen, ota yhteytt\u00e4 asiakaspalveluumme osoitteessa hello@hellohoney.fi<\/p>\n<h1>8. Koulutukset<\/h1>\n<p>Koulutukset laskutetaan p\u00e4\u00e4s\u00e4\u00e4nt\u00f6isesti ilmoittautumisen yhteydess\u00e4. Koulutukseen osallistumisen voi veloituksetta perua kuukausi ennen koulutuksen alkamisajankohtaa. Koulutuksen j\u00e4rjest\u00e4misen ehtona on koulutuskohtaisen v\u00e4himm\u00e4isosallistujam\u00e4\u00e4r\u00e4n t\u00e4yttyminen. Koulutuksen peruuntumisesta pyrimme ilmoittamaan ilmoittautuneille hyviss\u00e4 ajoin.<\/p>\n<h1>9. Noutamattomat paketit<\/h1>\n<p>Jos et nouda pakettiasi seitsem\u00e4n p\u00e4iv\u00e4n kuluessa, se l\u00e4hetet\u00e4\u00e4n takaisin Finhoney Oy:lle. Noutamattomista paketeista perimme 20 euron suuruisen maksun. Maksu koostuu toimitus-, uudelleenvarastointi ja muiden kulujen kustannuksista.<\/p>\n<h1>10. Ongelmatilanteet ja asiakaspalaute<\/h1>\n<p>Ilmoitus virheellisest\u00e4 toimituksesta tai viallisesta tuotteesta on teht\u00e4v\u00e4 14 p\u00e4iv\u00e4n sis\u00e4ll\u00e4 tuotteen vastaanottamisesta.<\/p>\n<p>Asiakaspalautteen, tiedustelut ja yhteydenotot voit l\u00e4hett\u00e4\u00e4 osoitteeseen hello@hellohoney.fi<\/p>\n<p>Pid\u00e4t\u00e4mme oikeuden muuttaa toimitusehtojamme. Asiakkaan on ennen tilaustaan tutustuttava kulloinkin voimassa oleviin toimitusehtoihin. Finhoney Oy k\u00e4sittelee kaikki asiakastiedot t\u00e4ysin luottamuksellisesti.<\/p>\n","protected":false},"excerpt":{"rendered":"<p>1. Yleist\u00e4 verkkokaupasta Verkkokaupassa hellohoney.fi tuotteita myy Finhoney Oy (2844190-8). Yritys toimii osoitteessa Brattn\u00e4sintie 479, 21630 Parainen. Saat meihin yhteyden s\u00e4hk\u00f6postitse hello@hellohoney.fi tai puhelimitse +358505923056. Verkkokaupassa noudatetaan kuluttajasuojalain 6. luvun et\u00e4kauppalakia. Tuotteiden hinnat sis\u00e4lt\u00e4v\u00e4t arvonlis\u00e4veron. Yritys pid\u00e4tt\u00e4\u00e4 oikeuden hintojen ja toimituskulujen muutoksiin. 2. Tilaaminen Tuotteet tilataan osoitteesta www.hellohoney.fi ostoskorin kautta. Kaikki tilaukset vahvistetaan s\u00e4hk\u00f6postilla, jossa&hellip; <a class=\"read-more-link\" href=\"https:\/\/hellohoney.fi\/fi\/tilaus-ja-toimitusehdot\/\">Lue lis\u00e4\u00e4<\/a><\/p>\n","protected":false},"author":6,"featured_media":0,"parent":0,"menu_order":0,"comment_status":"closed","ping_status":"closed","template":"","meta":{"footnotes":""},"class_list":["post-995","page","type-page","status-publish","hentry"],"yoast_head":"<!-- This site is optimized with the Yoast SEO plugin v26.8 - https:\/\/yoast.com\/product\/yoast-seo-wordpress\/ -->\n<title>Tilaus- ja toimitusehdot - Hello honey<\/title>\n<meta name=\"robots\" content=\"index, follow, max-snippet:-1, max-image-preview:large, max-video-preview:-1\" \/>\n<link rel=\"canonical\" href=\"https:\/\/hellohoney.fi\/fi\/tilaus-ja-toimitusehdot\/\" \/>\n<meta property=\"og:locale\" content=\"fi_FI\" \/>\n<meta property=\"og:type\" content=\"article\" \/>\n<meta property=\"og:title\" content=\"Tilaus- ja toimitusehdot - Hello honey\" \/>\n<meta property=\"og:description\" content=\"1. Yleist\u00e4 verkkokaupasta Verkkokaupassa hellohoney.fi tuotteita myy Finhoney Oy (2844190-8). Yritys toimii osoitteessa Brattn\u00e4sintie 479, 21630 Parainen. Saat meihin yhteyden s\u00e4hk\u00f6postitse hello@hellohoney.fi tai puhelimitse +358505923056. Verkkokaupassa noudatetaan kuluttajasuojalain 6. luvun et\u00e4kauppalakia. Tuotteiden hinnat sis\u00e4lt\u00e4v\u00e4t arvonlis\u00e4veron. Yritys pid\u00e4tt\u00e4\u00e4 oikeuden hintojen ja toimituskulujen muutoksiin. 2. Tilaaminen Tuotteet tilataan osoitteesta www.hellohoney.fi ostoskorin kautta. Kaikki tilaukset vahvistetaan s\u00e4hk\u00f6postilla, jossa&hellip; Lue lis\u00e4\u00e4\" \/>\n<meta property=\"og:url\" content=\"https:\/\/hellohoney.fi\/fi\/tilaus-ja-toimitusehdot\/\" \/>\n<meta property=\"og:site_name\" content=\"Hello honey\" \/>\n<meta property=\"article:modified_time\" content=\"2025-02-26T10:39:15+00:00\" \/>\n<meta name=\"twitter:card\" content=\"summary_large_image\" \/>\n<meta name=\"twitter:label1\" content=\"Arvioitu lukuaika\" \/>\n\t<meta name=\"twitter:data1\" content=\"3 minuuttia\" \/>\n<script type=\"application\/ld+json\" class=\"yoast-schema-graph\">{\"@context\":\"https:\/\/schema.org\",\"@graph\":[{\"@type\":\"WebPage\",\"@id\":\"https:\/\/hellohoney.fi\/fi\/tilaus-ja-toimitusehdot\/\",\"url\":\"https:\/\/hellohoney.fi\/fi\/tilaus-ja-toimitusehdot\/\",\"name\":\"Tilaus- ja toimitusehdot - Hello honey\",\"isPartOf\":{\"@id\":\"https:\/\/hellohoney.fi\/#website\"},\"datePublished\":\"2019-03-25T13:04:12+00:00\",\"dateModified\":\"2025-02-26T10:39:15+00:00\",\"breadcrumb\":{\"@id\":\"https:\/\/hellohoney.fi\/fi\/tilaus-ja-toimitusehdot\/#breadcrumb\"},\"inLanguage\":\"fi\",\"potentialAction\":[{\"@type\":\"ReadAction\",\"target\":[\"https:\/\/hellohoney.fi\/fi\/tilaus-ja-toimitusehdot\/\"]}]},{\"@type\":\"BreadcrumbList\",\"@id\":\"https:\/\/hellohoney.fi\/fi\/tilaus-ja-toimitusehdot\/#breadcrumb\",\"itemListElement\":[{\"@type\":\"ListItem\",\"position\":1,\"name\":\"Home\",\"item\":\"https:\/\/hellohoney.fi\/fi\/\"},{\"@type\":\"ListItem\",\"position\":2,\"name\":\"Tilaus- ja toimitusehdot\"}]},{\"@type\":\"WebSite\",\"@id\":\"https:\/\/hellohoney.fi\/#website\",\"url\":\"https:\/\/hellohoney.fi\/\",\"name\":\"Hello honey\",\"description\":\"BEES\u2019 RECIPE \u2013 NOTHING ADDED, NOTHING TAKEN AWAY\",\"potentialAction\":[{\"@type\":\"SearchAction\",\"target\":{\"@type\":\"EntryPoint\",\"urlTemplate\":\"https:\/\/hellohoney.fi\/?s={search_term_string}\"},\"query-input\":{\"@type\":\"PropertyValueSpecification\",\"valueRequired\":true,\"valueName\":\"search_term_string\"}}],\"inLanguage\":\"fi\"}]}<\/script>\n<!-- \/ Yoast SEO plugin. -->","yoast_head_json":{"title":"Tilaus- ja toimitusehdot - Hello honey","robots":{"index":"index","follow":"follow","max-snippet":"max-snippet:-1","max-image-preview":"max-image-preview:large","max-video-preview":"max-video-preview:-1"},"canonical":"https:\/\/hellohoney.fi\/fi\/tilaus-ja-toimitusehdot\/","og_locale":"fi_FI","og_type":"article","og_title":"Tilaus- ja toimitusehdot - Hello honey","og_description":"1. Yleist\u00e4 verkkokaupasta Verkkokaupassa hellohoney.fi tuotteita myy Finhoney Oy (2844190-8). Yritys toimii osoitteessa Brattn\u00e4sintie 479, 21630 Parainen. Saat meihin yhteyden s\u00e4hk\u00f6postitse hello@hellohoney.fi tai puhelimitse +358505923056. Verkkokaupassa noudatetaan kuluttajasuojalain 6. luvun et\u00e4kauppalakia. Tuotteiden hinnat sis\u00e4lt\u00e4v\u00e4t arvonlis\u00e4veron. Yritys pid\u00e4tt\u00e4\u00e4 oikeuden hintojen ja toimituskulujen muutoksiin. 2. Tilaaminen Tuotteet tilataan osoitteesta www.hellohoney.fi ostoskorin kautta. Kaikki tilaukset vahvistetaan s\u00e4hk\u00f6postilla, jossa&hellip; Lue lis\u00e4\u00e4","og_url":"https:\/\/hellohoney.fi\/fi\/tilaus-ja-toimitusehdot\/","og_site_name":"Hello honey","article_modified_time":"2025-02-26T10:39:15+00:00","twitter_card":"summary_large_image","twitter_misc":{"Arvioitu lukuaika":"3 minuuttia"},"schema":{"@context":"https:\/\/schema.org","@graph":[{"@type":"WebPage","@id":"https:\/\/hellohoney.fi\/fi\/tilaus-ja-toimitusehdot\/","url":"https:\/\/hellohoney.fi\/fi\/tilaus-ja-toimitusehdot\/","name":"Tilaus- ja toimitusehdot - Hello honey","isPartOf":{"@id":"https:\/\/hellohoney.fi\/#website"},"datePublished":"2019-03-25T13:04:12+00:00","dateModified":"2025-02-26T10:39:15+00:00","breadcrumb":{"@id":"https:\/\/hellohoney.fi\/fi\/tilaus-ja-toimitusehdot\/#breadcrumb"},"inLanguage":"fi","potentialAction":[{"@type":"ReadAction","target":["https:\/\/hellohoney.fi\/fi\/tilaus-ja-toimitusehdot\/"]}]},{"@type":"BreadcrumbList","@id":"https:\/\/hellohoney.fi\/fi\/tilaus-ja-toimitusehdot\/#breadcrumb","itemListElement":[{"@type":"ListItem","position":1,"name":"Home","item":"https:\/\/hellohoney.fi\/fi\/"},{"@type":"ListItem","position":2,"name":"Tilaus- ja toimitusehdot"}]},{"@type":"WebSite","@id":"https:\/\/hellohoney.fi\/#website","url":"https:\/\/hellohoney.fi\/","name":"Hello honey","description":"BEES\u2019 RECIPE \u2013 NOTHING ADDED, NOTHING TAKEN AWAY","potentialAction":[{"@type":"SearchAction","target":{"@type":"EntryPoint","urlTemplate":"https:\/\/hellohoney.fi\/?s={search_term_string}"},"query-input":{"@type":"PropertyValueSpecification","valueRequired":true,"valueName":"search_term_string"}}],"inLanguage":"fi"}]}},"_links":{"self":[{"href":"https:\/\/hellohoney.fi\/fi\/wp-json\/wp\/v2\/pages\/995","targetHints":{"allow":["GET"]}}],"collection":[{"href":"https:\/\/hellohoney.fi\/fi\/wp-json\/wp\/v2\/pages"}],"about":[{"href":"https:\/\/hellohoney.fi\/fi\/wp-json\/wp\/v2\/types\/page"}],"author":[{"embeddable":true,"href":"https:\/\/hellohoney.fi\/fi\/wp-json\/wp\/v2\/users\/6"}],"replies":[{"embeddable":true,"href":"https:\/\/hellohoney.fi\/fi\/wp-json\/wp\/v2\/comments?post=995"}],"version-history":[{"count":11,"href":"https:\/\/hellohoney.fi\/fi\/wp-json\/wp\/v2\/pages\/995\/revisions"}],"predecessor-version":[{"id":2329,"href":"https:\/\/hellohoney.fi\/fi\/wp-json\/wp\/v2\/pages\/995\/revisions\/2329"}],"wp:attachment":[{"href":"https:\/\/hellohoney.fi\/fi\/wp-json\/wp\/v2\/media?parent=995"}],"curies":[{"name":"wp","href":"https:\/\/api.w.org\/{rel}","templated":true}]}}