{"id":956,"date":"2019-03-25T13:37:18","date_gmt":"2019-03-25T11:37:18","guid":{"rendered":"http:\/\/hellohoney.fi\/?page_id=956"},"modified":"2025-02-27T09:49:03","modified_gmt":"2025-02-27T07:49:03","slug":"mehilaistarhaaja-nora-mantysaari","status":"publish","type":"page","link":"https:\/\/hellohoney.fi\/fi\/mehilaistarhaaja-nora-mantysaari\/","title":{"rendered":"Kuka"},"content":{"rendered":"<div class=\"wpb-content-wrapper\"><p>[vc_row css=&#8221;.vc_custom_1508508591171{margin-top: 80px !important;padding-top: 50px !important;}&#8221;][vc_column width=&#8221;1\/6&#8243;][\/vc_column][vc_column width=&#8221;1\/3&#8243;][vc_single_image image=&#8221;1013&#8243; img_size=&#8221;medium&#8221; alignment=&#8221;center&#8221;][\/vc_column][vc_column width=&#8221;1\/3&#8243;][vc_single_image image=&#8221;833&#8243; img_size=&#8221;medium&#8221; alignment=&#8221;center&#8221; style=&#8221;vc_box_circle_2&#8243;][\/vc_column][vc_column width=&#8221;1\/6&#8243;][\/vc_column][\/vc_row][vc_row css=&#8221;.vc_custom_1612361290604{margin-top: 50px !important;margin-bottom: 50px !important;}&#8221;][vc_column width=&#8221;1\/6&#8243;][\/vc_column][vc_column width=&#8221;2\/3&#8243;][vc_column_text]https:\/\/youtube.com\/watch?v=lezJBOLt-aM&amp;t=4s[\/vc_column_text][\/vc_column][vc_column width=&#8221;1\/6&#8243;][\/vc_column][\/vc_row][vc_row css=&#8221;.vc_custom_1508491734746{margin-top: 30px !important;}&#8221;][vc_column width=&#8221;1\/6&#8243;][\/vc_column][vc_column width=&#8221;2\/3&#8243;][vc_column_text css=&#8221;&#8221;]<\/p>\n<h2>P\u00f6lytt\u00e4jien puolestapuhuja<\/h2>\n<p>&nbsp;<\/p>\n<p>Olen huolissani p\u00f6lytt\u00e4jist\u00e4 ja niin pit\u00e4isi sinunkin olla. Uutiset p\u00f6lytt\u00e4jien joukkokuolemista ja lent\u00e4vien hy\u00f6nteisten massatuhosta saivat minut miettim\u00e4\u00e4n, mit\u00e4 voisin tehd\u00e4 p\u00f6lytt\u00e4jien hyv\u00e4ksi. Siisp\u00e4 ryhdyin mehil\u00e4istarhaajaksi.<\/p>\n<p>Pohjakoulutukseltani olen maatalous- ja mets\u00e4tieteiden maisteri sek\u00e4 agronomi. Olen yliopiston j\u00e4lkeen suorittanut mehil\u00e4istarhaajan ammattitutkinnon ja johtamisen erikoisammattitutkinnon. Erikoisosaamistani on p\u00f6lytt\u00e4jien ja maatalouden suhde, sill\u00e4 koulutukseni ja ty\u00f6kokemukseni vuoksi ymm\u00e4rr\u00e4n erinomaisesti molempia maailmoja. Siirr\u00e4n tietotaitoani my\u00f6s alan sis\u00e4ll\u00e4 kouluttamalla uusia mehil\u00e4ishoitajia.<\/p>\n<p>Toimin p\u00f6lytt\u00e4j\u00e4asiantuntijana ja minulta yritysten on mahdollista saada Suomen parhaiten p\u00f6lytt\u00e4j\u00e4t huomioiva vastuullisuusohjelma. Teen yrityksille my\u00f6s makeita sis\u00e4lt\u00f6j\u00e4 sek\u00e4 virtuaalisesti ett\u00e4 vuokraamalla yrityksille mehil\u00e4ispesi\u00e4. Palveluni mahdollistavat tehokkaan ymp\u00e4rist\u00f6arvoista viestimisen sek\u00e4 astetta paremmat liikelahjat.[\/vc_column_text][\/vc_column][vc_column width=&#8221;1\/6&#8243;][\/vc_column][\/vc_row][vc_row][vc_column][vc_empty_space height=&#8221;45px&#8221;][vc_custom_heading text=&#8221;Klikkaa &gt;t\u00e4st\u00e4&lt; verkkokauppaani.&#8221; font_container=&#8221;tag:h2|text_align:center|color:%23ed9e15&#8243; use_theme_fonts=&#8221;yes&#8221; link=&#8221;url:https%3A%2F%2Fhellohoney.fi%2Ffi%2Fshop%2F|title:Kauppa&#8221;][\/vc_column][\/vc_row][vc_row][vc_column width=&#8221;1\/6&#8243;][\/vc_column][vc_column width=&#8221;2\/3&#8243; css=&#8221;.vc_custom_1553514244726{margin-top: 40px !important;margin-bottom: 30px !important;}&#8221;][\/vc_column][vc_column width=&#8221;1\/6&#8243;][\/vc_column][\/vc_row][vc_row][vc_column width=&#8221;1\/3&#8243;][vc_single_image image=&#8221;177&#8243; img_size=&#8221;&#8221; alignment=&#8221;center&#8221;][\/vc_column][vc_column width=&#8221;1\/3&#8243;][vc_column_text][\/vc_column_text][\/vc_column][vc_column width=&#8221;1\/3&#8243;][\/vc_column][\/vc_row][vc_row css=&#8221;.vc_custom_1509621333979{margin-top: 50px !important;margin-bottom: 50px !important;}&#8221;][vc_column width=&#8221;1\/3&#8243;][\/vc_column][vc_column width=&#8221;1\/3&#8243;][vc_custom_heading text=&#8221;Yhteystiedot&#8221; font_container=&#8221;tag:h2|text_align:center|color:%23ed9e15&#8243;][vc_empty_space][vc_column_text]<\/p>\n<p style=\"text-align: center;\">Finhoney Oy<\/p>\n<p style=\"text-align: center;\">Nora M\u00e4ntysaari<\/p>\n<p style=\"text-align: center;\">hello@hellohoney.fi<\/p>\n<p style=\"text-align: center;\">+358 50 592 3056<\/p>\n<p>[\/vc_column_text][\/vc_column][vc_column width=&#8221;1\/3&#8243;][vc_single_image image=&#8221;175&#8243;][\/vc_column][\/vc_row][vc_row][vc_column][vc_empty_space height=&#8221;20px&#8221;][\/vc_column][\/vc_row][vc_row css=&#8221;.vc_custom_1508509222761{margin-top: 50px !important;}&#8221;][vc_column width=&#8221;1\/3&#8243;][\/vc_column][vc_column width=&#8221;1\/3&#8243;][vc_column_text]<\/p>\n<p style=\"text-align: center;\">\n<div class=\"wpcf7 no-js\" id=\"wpcf7-f9-o1\" lang=\"en-US\" dir=\"ltr\" data-wpcf7-id=\"9\">\n<div class=\"screen-reader-response\"><p role=\"status\" aria-live=\"polite\" aria-atomic=\"true\"><\/p> <ul><\/ul><\/div>\n<form action=\"\/fi\/wp-json\/wp\/v2\/pages\/956#wpcf7-f9-o1\" method=\"post\" class=\"wpcf7-form init\" aria-label=\"Contact form\" novalidate=\"novalidate\" data-status=\"init\">\n<fieldset class=\"hidden-fields-container\"><input type=\"hidden\" name=\"_wpcf7\" value=\"9\" \/><input type=\"hidden\" name=\"_wpcf7_version\" value=\"6.1.4\" \/><input type=\"hidden\" name=\"_wpcf7_locale\" value=\"en_US\" \/><input type=\"hidden\" name=\"_wpcf7_unit_tag\" value=\"wpcf7-f9-o1\" \/><input type=\"hidden\" name=\"_wpcf7_container_post\" value=\"0\" \/><input type=\"hidden\" name=\"_wpcf7_posted_data_hash\" value=\"\" \/>\n<\/fieldset>\n<p><label> Nimi *<br \/>\n<span class=\"wpcf7-form-control-wrap\" data-name=\"your-name\"><input size=\"40\" maxlength=\"400\" class=\"wpcf7-form-control wpcf7-text wpcf7-validates-as-required\" aria-required=\"true\" aria-invalid=\"false\" value=\"\" type=\"text\" name=\"your-name\" \/><\/span> <\/label>\n<\/p>\n<p><label> S\u00e4hk\u00f6posti *<br \/>\n<span class=\"wpcf7-form-control-wrap\" data-name=\"your-email\"><input size=\"40\" maxlength=\"400\" class=\"wpcf7-form-control wpcf7-email wpcf7-validates-as-required wpcf7-text wpcf7-validates-as-email\" aria-required=\"true\" aria-invalid=\"false\" value=\"\" type=\"email\" name=\"your-email\" \/><\/span> <\/label>\n<\/p>\n<p><label> Aihe<br \/>\n<span class=\"wpcf7-form-control-wrap\" data-name=\"your-subject\"><input size=\"40\" maxlength=\"400\" class=\"wpcf7-form-control wpcf7-text\" aria-invalid=\"false\" value=\"\" type=\"text\" name=\"your-subject\" \/><\/span> <\/label>\n<\/p>\n<p><label> Viesti<br \/>\n<span class=\"wpcf7-form-control-wrap\" data-name=\"your-message\"><textarea cols=\"40\" rows=\"10\" maxlength=\"2000\" class=\"wpcf7-form-control wpcf7-textarea\" aria-invalid=\"false\" name=\"your-message\"><\/textarea><\/span> <\/label>\n<\/p>\n<p><input class=\"wpcf7-form-control wpcf7-submit has-spinner\" type=\"submit\" value=\"L\u00e4het\u00e4\" \/>\n<\/p><p style=\"display: none !important;\" class=\"akismet-fields-container\" data-prefix=\"_wpcf7_ak_\"><label>&#916;<textarea name=\"_wpcf7_ak_hp_textarea\" cols=\"45\" rows=\"8\" maxlength=\"100\"><\/textarea><\/label><input type=\"hidden\" id=\"ak_js_1\" name=\"_wpcf7_ak_js\" value=\"208\"\/><script>document.getElementById( \"ak_js_1\" ).setAttribute( \"value\", ( new Date() ).getTime() );<\/script><\/p><div class=\"wpcf7-response-output\" aria-hidden=\"true\"><\/div>\n<\/form>\n<\/div>\n<p>[\/vc_column_text][\/vc_column][vc_column width=&#8221;1\/3&#8243;][vc_empty_space][vc_single_image image=&#8221;56&#8243; img_size=&#8221;200&#215;200&#8243; alignment=&#8221;center&#8221;][\/vc_column][\/vc_row]<\/p>\n<\/div>","protected":false},"excerpt":{"rendered":"<p>[vc_row css=&#8221;.vc_custom_1508508591171{margin-top: 80px !important;padding-top: 50px !important;}&#8221;][vc_column width=&#8221;1\/6&#8243;][\/vc_column][vc_column width=&#8221;1\/3&#8243;][vc_single_image image=&#8221;1013&#8243; img_size=&#8221;medium&#8221; alignment=&#8221;center&#8221;][\/vc_column][vc_column width=&#8221;1\/3&#8243;][vc_single_image image=&#8221;833&#8243; img_size=&#8221;medium&#8221; alignment=&#8221;center&#8221; style=&#8221;vc_box_circle_2&#8243;][\/vc_column][vc_column width=&#8221;1\/6&#8243;][\/vc_column][\/vc_row][vc_row css=&#8221;.vc_custom_1612361290604{margin-top: 50px !important;margin-bottom: 50px !important;}&#8221;][vc_column width=&#8221;1\/6&#8243;][\/vc_column][vc_column width=&#8221;2\/3&#8243;][vc_column_text]https:\/\/youtube.com\/watch?v=lezJBOLt-aM&amp;t=4s[\/vc_column_text][\/vc_column][vc_column width=&#8221;1\/6&#8243;][\/vc_column][\/vc_row][vc_row css=&#8221;.vc_custom_1508491734746{margin-top: 30px !important;}&#8221;][vc_column width=&#8221;1\/6&#8243;][\/vc_column][vc_column width=&#8221;2\/3&#8243;][vc_column_text css=&#8221;&#8221;] P\u00f6lytt\u00e4jien puolestapuhuja &nbsp; Olen huolissani p\u00f6lytt\u00e4jist\u00e4 ja niin pit\u00e4isi sinunkin olla. Uutiset p\u00f6lytt\u00e4jien joukkokuolemista ja lent\u00e4vien hy\u00f6nteisten massatuhosta saivat minut miettim\u00e4\u00e4n, mit\u00e4 voisin tehd\u00e4&hellip; <a class=\"read-more-link\" href=\"https:\/\/hellohoney.fi\/fi\/mehilaistarhaaja-nora-mantysaari\/\">Lue lis\u00e4\u00e4<\/a><\/p>\n","protected":false},"author":6,"featured_media":628,"parent":0,"menu_order":0,"comment_status":"closed","ping_status":"closed","template":"","meta":{"footnotes":""},"class_list":["post-956","page","type-page","status-publish","has-post-thumbnail","hentry"],"yoast_head":"<!-- This site is optimized with the Yoast SEO plugin v26.8 - https:\/\/yoast.com\/product\/yoast-seo-wordpress\/ -->\n<title>Kuka - Hello honey mehil\u00e4istarhaaja Nora M\u00e4ntysaari<\/title>\n<meta name=\"description\" content=\"Nora M\u00e4ntysaari on mehil\u00e4istarhaaja ja p\u00f6lytt\u00e4jien puolestapuhuja. H\u00e4n tarjoaa yrityksille vastuullisuuspalveluita ja makeita sis\u00e4lt\u00f6j\u00e4.\" \/>\n<meta name=\"robots\" content=\"index, follow, max-snippet:-1, max-image-preview:large, max-video-preview:-1\" \/>\n<link rel=\"canonical\" href=\"https:\/\/hellohoney.fi\/fi\/mehilaistarhaaja-nora-mantysaari\/\" \/>\n<meta property=\"og:locale\" content=\"fi_FI\" \/>\n<meta property=\"og:type\" content=\"article\" \/>\n<meta property=\"og:title\" content=\"Kuka - Hello honey mehil\u00e4istarhaaja Nora M\u00e4ntysaari\" \/>\n<meta property=\"og:description\" content=\"Nora M\u00e4ntysaari on mehil\u00e4istarhaaja ja p\u00f6lytt\u00e4jien puolestapuhuja. H\u00e4n tarjoaa yrityksille vastuullisuuspalveluita ja makeita sis\u00e4lt\u00f6j\u00e4.\" \/>\n<meta property=\"og:url\" content=\"https:\/\/hellohoney.fi\/fi\/mehilaistarhaaja-nora-mantysaari\/\" \/>\n<meta property=\"og:site_name\" content=\"Hello honey\" \/>\n<meta property=\"article:modified_time\" content=\"2025-02-27T07:49:03+00:00\" \/>\n<meta property=\"og:image\" content=\"https:\/\/hellohoney.fi\/wp-content\/uploads\/2018\/03\/Hello-honey-1.jpg\" \/>\n\t<meta property=\"og:image:width\" content=\"1080\" \/>\n\t<meta property=\"og:image:height\" content=\"1080\" \/>\n\t<meta property=\"og:image:type\" content=\"image\/jpeg\" \/>\n<meta name=\"twitter:card\" content=\"summary_large_image\" \/>\n<meta name=\"twitter:label1\" content=\"Arvioitu lukuaika\" \/>\n\t<meta name=\"twitter:data1\" content=\"3 minuuttia\" \/>\n<script type=\"application\/ld+json\" class=\"yoast-schema-graph\">{\"@context\":\"https:\/\/schema.org\",\"@graph\":[{\"@type\":\"WebPage\",\"@id\":\"https:\/\/hellohoney.fi\/fi\/mehilaistarhaaja-nora-mantysaari\/\",\"url\":\"https:\/\/hellohoney.fi\/fi\/mehilaistarhaaja-nora-mantysaari\/\",\"name\":\"Kuka - Hello honey mehil\u00e4istarhaaja Nora M\u00e4ntysaari\",\"isPartOf\":{\"@id\":\"https:\/\/hellohoney.fi\/#website\"},\"primaryImageOfPage\":{\"@id\":\"https:\/\/hellohoney.fi\/fi\/mehilaistarhaaja-nora-mantysaari\/#primaryimage\"},\"image\":{\"@id\":\"https:\/\/hellohoney.fi\/fi\/mehilaistarhaaja-nora-mantysaari\/#primaryimage\"},\"thumbnailUrl\":\"https:\/\/hellohoney.fi\/wp-content\/uploads\/2018\/03\/Hello-honey-1.jpg\",\"datePublished\":\"2019-03-25T11:37:18+00:00\",\"dateModified\":\"2025-02-27T07:49:03+00:00\",\"description\":\"Nora M\u00e4ntysaari on mehil\u00e4istarhaaja ja p\u00f6lytt\u00e4jien puolestapuhuja. H\u00e4n tarjoaa yrityksille vastuullisuuspalveluita ja makeita sis\u00e4lt\u00f6j\u00e4.\",\"breadcrumb\":{\"@id\":\"https:\/\/hellohoney.fi\/fi\/mehilaistarhaaja-nora-mantysaari\/#breadcrumb\"},\"inLanguage\":\"fi\",\"potentialAction\":[{\"@type\":\"ReadAction\",\"target\":[\"https:\/\/hellohoney.fi\/fi\/mehilaistarhaaja-nora-mantysaari\/\"]}]},{\"@type\":\"ImageObject\",\"inLanguage\":\"fi\",\"@id\":\"https:\/\/hellohoney.fi\/fi\/mehilaistarhaaja-nora-mantysaari\/#primaryimage\",\"url\":\"https:\/\/hellohoney.fi\/wp-content\/uploads\/2018\/03\/Hello-honey-1.jpg\",\"contentUrl\":\"https:\/\/hellohoney.fi\/wp-content\/uploads\/2018\/03\/Hello-honey-1.jpg\",\"width\":1080,\"height\":1080,\"caption\":\"Hello honey\"},{\"@type\":\"BreadcrumbList\",\"@id\":\"https:\/\/hellohoney.fi\/fi\/mehilaistarhaaja-nora-mantysaari\/#breadcrumb\",\"itemListElement\":[{\"@type\":\"ListItem\",\"position\":1,\"name\":\"Home\",\"item\":\"https:\/\/hellohoney.fi\/fi\/\"},{\"@type\":\"ListItem\",\"position\":2,\"name\":\"Kuka\"}]},{\"@type\":\"WebSite\",\"@id\":\"https:\/\/hellohoney.fi\/#website\",\"url\":\"https:\/\/hellohoney.fi\/\",\"name\":\"Hello honey\",\"description\":\"BEES\u2019 RECIPE \u2013 NOTHING ADDED, NOTHING TAKEN AWAY\",\"potentialAction\":[{\"@type\":\"SearchAction\",\"target\":{\"@type\":\"EntryPoint\",\"urlTemplate\":\"https:\/\/hellohoney.fi\/?s={search_term_string}\"},\"query-input\":{\"@type\":\"PropertyValueSpecification\",\"valueRequired\":true,\"valueName\":\"search_term_string\"}}],\"inLanguage\":\"fi\"}]}<\/script>\n<!-- \/ Yoast SEO plugin. -->","yoast_head_json":{"title":"Kuka - Hello honey mehil\u00e4istarhaaja Nora M\u00e4ntysaari","description":"Nora M\u00e4ntysaari on mehil\u00e4istarhaaja ja p\u00f6lytt\u00e4jien puolestapuhuja. H\u00e4n tarjoaa yrityksille vastuullisuuspalveluita ja makeita sis\u00e4lt\u00f6j\u00e4.","robots":{"index":"index","follow":"follow","max-snippet":"max-snippet:-1","max-image-preview":"max-image-preview:large","max-video-preview":"max-video-preview:-1"},"canonical":"https:\/\/hellohoney.fi\/fi\/mehilaistarhaaja-nora-mantysaari\/","og_locale":"fi_FI","og_type":"article","og_title":"Kuka - Hello honey mehil\u00e4istarhaaja Nora M\u00e4ntysaari","og_description":"Nora M\u00e4ntysaari on mehil\u00e4istarhaaja ja p\u00f6lytt\u00e4jien puolestapuhuja. H\u00e4n tarjoaa yrityksille vastuullisuuspalveluita ja makeita sis\u00e4lt\u00f6j\u00e4.","og_url":"https:\/\/hellohoney.fi\/fi\/mehilaistarhaaja-nora-mantysaari\/","og_site_name":"Hello honey","article_modified_time":"2025-02-27T07:49:03+00:00","og_image":[{"width":1080,"height":1080,"url":"https:\/\/hellohoney.fi\/wp-content\/uploads\/2018\/03\/Hello-honey-1.jpg","type":"image\/jpeg"}],"twitter_card":"summary_large_image","twitter_misc":{"Arvioitu lukuaika":"3 minuuttia"},"schema":{"@context":"https:\/\/schema.org","@graph":[{"@type":"WebPage","@id":"https:\/\/hellohoney.fi\/fi\/mehilaistarhaaja-nora-mantysaari\/","url":"https:\/\/hellohoney.fi\/fi\/mehilaistarhaaja-nora-mantysaari\/","name":"Kuka - Hello honey mehil\u00e4istarhaaja Nora M\u00e4ntysaari","isPartOf":{"@id":"https:\/\/hellohoney.fi\/#website"},"primaryImageOfPage":{"@id":"https:\/\/hellohoney.fi\/fi\/mehilaistarhaaja-nora-mantysaari\/#primaryimage"},"image":{"@id":"https:\/\/hellohoney.fi\/fi\/mehilaistarhaaja-nora-mantysaari\/#primaryimage"},"thumbnailUrl":"https:\/\/hellohoney.fi\/wp-content\/uploads\/2018\/03\/Hello-honey-1.jpg","datePublished":"2019-03-25T11:37:18+00:00","dateModified":"2025-02-27T07:49:03+00:00","description":"Nora M\u00e4ntysaari on mehil\u00e4istarhaaja ja p\u00f6lytt\u00e4jien puolestapuhuja. H\u00e4n tarjoaa yrityksille vastuullisuuspalveluita ja makeita sis\u00e4lt\u00f6j\u00e4.","breadcrumb":{"@id":"https:\/\/hellohoney.fi\/fi\/mehilaistarhaaja-nora-mantysaari\/#breadcrumb"},"inLanguage":"fi","potentialAction":[{"@type":"ReadAction","target":["https:\/\/hellohoney.fi\/fi\/mehilaistarhaaja-nora-mantysaari\/"]}]},{"@type":"ImageObject","inLanguage":"fi","@id":"https:\/\/hellohoney.fi\/fi\/mehilaistarhaaja-nora-mantysaari\/#primaryimage","url":"https:\/\/hellohoney.fi\/wp-content\/uploads\/2018\/03\/Hello-honey-1.jpg","contentUrl":"https:\/\/hellohoney.fi\/wp-content\/uploads\/2018\/03\/Hello-honey-1.jpg","width":1080,"height":1080,"caption":"Hello honey"},{"@type":"BreadcrumbList","@id":"https:\/\/hellohoney.fi\/fi\/mehilaistarhaaja-nora-mantysaari\/#breadcrumb","itemListElement":[{"@type":"ListItem","position":1,"name":"Home","item":"https:\/\/hellohoney.fi\/fi\/"},{"@type":"ListItem","position":2,"name":"Kuka"}]},{"@type":"WebSite","@id":"https:\/\/hellohoney.fi\/#website","url":"https:\/\/hellohoney.fi\/","name":"Hello honey","description":"BEES\u2019 RECIPE \u2013 NOTHING ADDED, NOTHING TAKEN AWAY","potentialAction":[{"@type":"SearchAction","target":{"@type":"EntryPoint","urlTemplate":"https:\/\/hellohoney.fi\/?s={search_term_string}"},"query-input":{"@type":"PropertyValueSpecification","valueRequired":true,"valueName":"search_term_string"}}],"inLanguage":"fi"}]}},"_links":{"self":[{"href":"https:\/\/hellohoney.fi\/fi\/wp-json\/wp\/v2\/pages\/956","targetHints":{"allow":["GET"]}}],"collection":[{"href":"https:\/\/hellohoney.fi\/fi\/wp-json\/wp\/v2\/pages"}],"about":[{"href":"https:\/\/hellohoney.fi\/fi\/wp-json\/wp\/v2\/types\/page"}],"author":[{"embeddable":true,"href":"https:\/\/hellohoney.fi\/fi\/wp-json\/wp\/v2\/users\/6"}],"replies":[{"embeddable":true,"href":"https:\/\/hellohoney.fi\/fi\/wp-json\/wp\/v2\/comments?post=956"}],"version-history":[{"count":69,"href":"https:\/\/hellohoney.fi\/fi\/wp-json\/wp\/v2\/pages\/956\/revisions"}],"predecessor-version":[{"id":2338,"href":"https:\/\/hellohoney.fi\/fi\/wp-json\/wp\/v2\/pages\/956\/revisions\/2338"}],"wp:featuredmedia":[{"embeddable":true,"href":"https:\/\/hellohoney.fi\/fi\/wp-json\/wp\/v2\/media\/628"}],"wp:attachment":[{"href":"https:\/\/hellohoney.fi\/fi\/wp-json\/wp\/v2\/media?parent=956"}],"curies":[{"name":"wp","href":"https:\/\/api.w.org\/{rel}","templated":true}]}}