{"id":2339,"date":"2025-04-22T10:28:22","date_gmt":"2025-04-22T08:28:22","guid":{"rendered":"https:\/\/hellohoney.fi\/?page_id=2339"},"modified":"2025-04-22T10:28:23","modified_gmt":"2025-04-22T08:28:23","slug":"rekisteriseloste-ja-tietosuoja","status":"publish","type":"page","link":"https:\/\/hellohoney.fi\/fi\/rekisteriseloste-ja-tietosuoja\/","title":{"rendered":"Rekisteriseloste ja tietosuoja"},"content":{"rendered":"\n<p>REKISTERISELOSTE<\/p>\n\n\n\n<p><strong>Henkil\u00f6tietolaki (523\/99) 10 \u00a7<\/strong><\/p>\n\n\n\n<p><strong>1. Rekisterinpit\u00e4j\u00e4<\/strong><br>Finhoney Oy, 2844190-8.<\/p>\n\n\n\n<p><strong>2. Rekisteriasioista vastaava henkil\u00f6<\/strong><br>Nora M\u00e4ntysaari, <a href=\"mailto:hello@hellohoney.fi\" target=\"_blank\" rel=\"noreferrer noopener\">hello@hellohoney.fi<\/a>, p. +358505923056.<\/p>\n\n\n\n<p><strong>3. Rekisterin nimi<\/strong><br>hellohoney.fi -verkkokaupan asiakas- ja k\u00e4vij\u00e4rekisteri<\/p>\n\n\n\n<p><strong>4. Rekisterin k\u00e4ytt\u00f6tarkoitus<\/strong><br>Rekisterin k\u00e4ytt\u00f6tarkoitus on hellohoney.fi -verkkokaupan asiakasrekisterin yll\u00e4pit\u00e4minen, asiakkaiden tilausten k\u00e4sittely, asiakassuhteen hoitaminen ja kaupan yll\u00e4pito.<\/p>\n\n\n\n<p><strong>5. Rekisterin tietosis\u00e4lt\u00f6 ja tietol\u00e4hteet<br><\/strong><\/p>\n\n\n\n<p><strong>K\u00e4yt\u00f6ss\u00e4 havannoidut tiedot<\/strong>, jos niiden ker\u00e4\u00e4miseksi on annettu lupa.<br>\u2013 Palvelun ominaisuuksien k\u00e4ytt\u00f6- ja selailutiedot<br>\u2013 Sivu, jolta k\u00e4ytt\u00e4j\u00e4 on siirtynyt sivuillemme, laitteen malli, yksil\u00f6llinen laite- ja\/tai ev\u00e4stetunniste, tiedonkeruun kanava (internetselain, mobiiliselain, sovellus), selaimen versio, IP-osoite, istuntotunniste, istunnon aika ja kesto sek\u00e4 n\u00e4yt\u00f6n tarkkuus ja k\u00e4ytt\u00f6j\u00e4rjestelm\u00e4<\/p>\n\n\n\n<p><strong>K\u00e4ytt\u00e4j\u00e4n antamat tiedot<\/strong>, jotka ker\u00e4t\u00e4\u00e4n tilauksen yhteydess\u00e4.<br>\u2013 Nimi<br>\u2013 Osoite<br>\u2013 S\u00e4hk\u00f6postiosoite<br>\u2013 Puhelinnumero<br>\u2013 Tilaustiedot, kuten tilausten lukum\u00e4\u00e4r\u00e4 ja sis\u00e4lt\u00f6 sek\u00e4 maksutapatiedot<br>\u2013 Markkinointikiellot ja -luvat<\/p>\n\n\n\n<p><strong>6. S\u00e4\u00e4nn\u00f6nmukaiset tietojen luovutukset ja tietojen siirto EU:n tai Euroopan talousalueen ulkopuolelle<\/strong><br>K\u00e4ytt\u00e4j\u00e4n antamia tietoja ei luovuteta kolmansille osapuolille tai EU:n tai Euroopan talousalueen ulkopuolelle. K\u00e4vij\u00e4analytiikassa ja mainosten kohdentamisessa k\u00e4ytettyj\u00e4 tietoja saatetaan siirt\u00e4\u00e4 Yhdysvaltoihin, jos k\u00e4ytt\u00e4j\u00e4 on t\u00e4m\u00e4n sallinut.<\/p>\n\n\n\n<p><strong>7. Henkil\u00f6tietojen k\u00e4sittelyn perusteet<br><\/strong><\/p>\n\n\n\n<p><strong>Sopimus<\/strong>: Kun tilaat, ostat tai k\u00e4yt\u00e4t palveluitamme, k\u00e4sittelemme tietojasi perustuen sopimussuhteeseen. Sopimusta varten k\u00e4sittelemme vain tietoja, jotka ovat tarpeen sovitun palvelun toimittamista varten, eli tyypillisesti yhteystietoja.<\/p>\n\n\n\n<p><strong>Lakis\u00e4\u00e4teinen velvollisuus<\/strong>: S\u00e4ilyt\u00e4mme tiettyj\u00e4 tietoja noudattaaksemme lakis\u00e4\u00e4teisi\u00e4 velvollisuuksiamme. S\u00e4ilyt\u00e4mme esimerkiksi laskutustietoja lains\u00e4\u00e4d\u00e4nn\u00f6n vaatiman ajan verotusta ja kirjanpitoa varten.<\/p>\n\n\n\n<p><strong>Suostumus:<\/strong> Kun seuraamme toimintaasi sivustollamme ja reaktioitasi mainontamme perustuu t\u00e4m\u00e4 sinun antamaan suostumukseen.<\/p>\n\n\n\n<p><strong>Oikeutettu etu<\/strong>: Oikeutetulla edulla viittaamme yrityksemme tarpeeseen k\u00e4sitell\u00e4 tietoa tietojen suojaamiseksi ja v\u00e4\u00e4rink\u00e4yt\u00f6sten ehk\u00e4isemiseksi.<\/p>\n\n\n\n<p><strong>8. Rekisterin suojauksen periaatteet<\/strong><br>Asiakasrekisterin tiedot on tallennettu rekisterinpit\u00e4j\u00e4n j\u00e4rjestelm\u00e4ss\u00e4, joka on suojattu k\u00e4ytt\u00f6j\u00e4rjestelm\u00e4n suojausohjelmiston avulla. J\u00e4rjestelm\u00e4\u00e4n sis\u00e4\u00e4np\u00e4\u00e4sy edellytt\u00e4\u00e4 k\u00e4ytt\u00e4j\u00e4tunnuksen ja salasanan sy\u00f6tt\u00e4mist\u00e4. J\u00e4rjestelm\u00e4 on my\u00f6s suojattu palomuurien ja muiden teknisten keinojen avulla. J\u00e4rjestelm\u00e4\u00e4n tallennettuihin rekisterin sis\u00e4lt\u00e4miin tietoihin p\u00e4\u00e4sev\u00e4t ja niit\u00e4 ovat oikeutettuja k\u00e4ytt\u00e4m\u00e4\u00e4n vain tietyt, ennalta m\u00e4\u00e4ritellyt rekisterinpit\u00e4j\u00e4n ty\u00f6ntekij\u00e4t. Tulosteina olevia henkil\u00f6tietoja s\u00e4ilytet\u00e4\u00e4n rekisterinpit\u00e4j\u00e4n lukituissa toimitiloissa.<\/p>\n\n\n\n<p><strong>9. Tarkastusoikeus, tarkastusoikeuden toteuttaminen ja kielto-oikeus<\/strong><br>Rekister\u00f6idyll\u00e4 on oikeus tarkastaa mit\u00e4 tietoja h\u00e4nest\u00e4 on talletettu rekisteriin sek\u00e4 vaatia rekisteriss\u00e4 olevan virheellisen tiedon korjaamista. Kirjallinen tarkastuspyynt\u00f6 tulee l\u00e4hett\u00e4\u00e4 rekisteriasioista vastaavalle henkil\u00f6lle.<\/p>\n\n\n\n<p>Rekister\u00f6idyll\u00e4 on my\u00f6s oikeus pyyt\u00e4\u00e4 tietojensa poistamista rekisterist\u00e4. Kirjallinen poistopyynt\u00f6 tulee l\u00e4hett\u00e4\u00e4 rekisteriasioista vastaavalle henkil\u00f6lle.<\/p>\n\n\n\n<p><strong>10. Tietojen yhdist\u00e4minen<br><\/strong><\/p>\n\n\n\n<p>Emme yhdist\u00e4 eri l\u00e4hteist\u00e4 ker\u00e4tty\u00e4 tietoa.<\/p>\n\n\n\n<p><strong>11. Tietojen s\u00e4ilytt\u00e4minen<\/strong><\/p>\n\n\n\n<p>S\u00e4ilyt\u00e4mme k\u00e4ytt\u00e4j\u00e4n tietoja vain niin kauan kuin on tarpeen yll\u00e4 kohdassa 4 m\u00e4\u00e4riteltyjen tarkoitusten toteuttamiseksi kulloinkin voimassaolevan lains\u00e4\u00e4d\u00e4nn\u00f6n mukaisesti.<\/p>\n\n\n\n<p>Kirjanpitolains\u00e4\u00e4d\u00e4nt\u00f6\u00e4 ja muuta pakottavaa lains\u00e4\u00e4d\u00e4nt\u00f6\u00e4 varten tarpeellisia henkil\u00f6tietoja s\u00e4ilytet\u00e4\u00e4n my\u00f6s sen j\u00e4lkeen kun k\u00e4ytt\u00e4j\u00e4n tiedot on muutoin poistettu. Kirjanpitoa varten s\u00e4ilyt\u00e4mme tositteita tilauksista kuusi vuotta sen kalenterivuoden lopusta, jonka aikana tilikausi p\u00e4\u00e4ttyy.<\/p>\n\n\n\n<p>Palveluiden k\u00e4yt\u00f6st\u00e4 havainnoituja tietoja s\u00e4ilytet\u00e4\u00e4n enint\u00e4\u00e4n 24 kuukautta tietojen ker\u00e4\u00e4misest\u00e4.<\/p>\n\n\n\n<p>Jos tiedolla on liiketoiminnallista arvoa, voimme tietojen poiston sijaan anonymisoida tiedon esimerkiksi aggregoimalla tiedon niin, ettei tietoa en\u00e4\u00e4 voida yhdist\u00e4\u00e4 yksitt\u00e4iseen henkil\u00f6\u00f6n.<\/p>\n\n\n\n<p><strong>12. Kumppaneiden ja kolmannen osapuolen tietojenk\u00e4sittely<br><\/strong><\/p>\n\n\n\n<p>K\u00e4yt\u00e4mme Googlen analytiikkapalveluita. Havainnoituja tietoja luovutetaan Googlelle, silloin kun k\u00e4ytt\u00e4j\u00e4 on t\u00e4m\u00e4n sallinut.<\/p>\n\n\n\n<p>Emme myy, vuokraa tai luovuta tunnistetun k\u00e4ytt\u00e4j\u00e4n henkil\u00f6tietoja kolmansille.<\/p>\n","protected":false},"excerpt":{"rendered":"<p>REKISTERISELOSTE Henkil\u00f6tietolaki (523\/99) 10 \u00a7 1. Rekisterinpit\u00e4j\u00e4Finhoney Oy, 2844190-8. 2. Rekisteriasioista vastaava henkil\u00f6Nora M\u00e4ntysaari, hello@hellohoney.fi, p. +358505923056. 3. Rekisterin nimihellohoney.fi -verkkokaupan asiakas- ja k\u00e4vij\u00e4rekisteri 4. Rekisterin k\u00e4ytt\u00f6tarkoitusRekisterin k\u00e4ytt\u00f6tarkoitus on hellohoney.fi -verkkokaupan asiakasrekisterin yll\u00e4pit\u00e4minen, asiakkaiden tilausten k\u00e4sittely, asiakassuhteen hoitaminen ja kaupan yll\u00e4pito. 5. Rekisterin tietosis\u00e4lt\u00f6 ja tietol\u00e4hteet K\u00e4yt\u00f6ss\u00e4 havannoidut tiedot, jos niiden ker\u00e4\u00e4miseksi on annettu lupa.\u2013&hellip; <a class=\"read-more-link\" href=\"https:\/\/hellohoney.fi\/fi\/rekisteriseloste-ja-tietosuoja\/\">Lue lis\u00e4\u00e4<\/a><\/p>\n","protected":false},"author":1,"featured_media":0,"parent":0,"menu_order":0,"comment_status":"closed","ping_status":"closed","template":"","meta":{"footnotes":""},"class_list":["post-2339","page","type-page","status-publish","hentry"],"yoast_head":"<!-- This site is optimized with the Yoast SEO plugin v26.8 - https:\/\/yoast.com\/product\/yoast-seo-wordpress\/ -->\n<title>Rekisteriseloste ja tietosuoja - Hello honey<\/title>\n<meta name=\"robots\" content=\"index, follow, max-snippet:-1, max-image-preview:large, max-video-preview:-1\" \/>\n<link rel=\"canonical\" href=\"https:\/\/hellohoney.fi\/fi\/rekisteriseloste-ja-tietosuoja\/\" \/>\n<meta property=\"og:locale\" content=\"fi_FI\" \/>\n<meta property=\"og:type\" content=\"article\" \/>\n<meta property=\"og:title\" content=\"Rekisteriseloste ja tietosuoja - Hello honey\" \/>\n<meta property=\"og:description\" content=\"REKISTERISELOSTE Henkil\u00f6tietolaki (523\/99) 10 \u00a7 1. Rekisterinpit\u00e4j\u00e4Finhoney Oy, 2844190-8. 2. Rekisteriasioista vastaava henkil\u00f6Nora M\u00e4ntysaari, hello@hellohoney.fi, p. +358505923056. 3. Rekisterin nimihellohoney.fi -verkkokaupan asiakas- ja k\u00e4vij\u00e4rekisteri 4. Rekisterin k\u00e4ytt\u00f6tarkoitusRekisterin k\u00e4ytt\u00f6tarkoitus on hellohoney.fi -verkkokaupan asiakasrekisterin yll\u00e4pit\u00e4minen, asiakkaiden tilausten k\u00e4sittely, asiakassuhteen hoitaminen ja kaupan yll\u00e4pito. 5. Rekisterin tietosis\u00e4lt\u00f6 ja tietol\u00e4hteet K\u00e4yt\u00f6ss\u00e4 havannoidut tiedot, jos niiden ker\u00e4\u00e4miseksi on annettu lupa.\u2013&hellip; Lue lis\u00e4\u00e4\" \/>\n<meta property=\"og:url\" content=\"https:\/\/hellohoney.fi\/fi\/rekisteriseloste-ja-tietosuoja\/\" \/>\n<meta property=\"og:site_name\" content=\"Hello honey\" \/>\n<meta property=\"article:modified_time\" content=\"2025-04-22T08:28:23+00:00\" \/>\n<meta name=\"twitter:card\" content=\"summary_large_image\" \/>\n<meta name=\"twitter:label1\" content=\"Arvioitu lukuaika\" \/>\n\t<meta name=\"twitter:data1\" content=\"2 minuuttia\" \/>\n<script type=\"application\/ld+json\" class=\"yoast-schema-graph\">{\"@context\":\"https:\/\/schema.org\",\"@graph\":[{\"@type\":\"WebPage\",\"@id\":\"https:\/\/hellohoney.fi\/fi\/rekisteriseloste-ja-tietosuoja\/\",\"url\":\"https:\/\/hellohoney.fi\/fi\/rekisteriseloste-ja-tietosuoja\/\",\"name\":\"Rekisteriseloste ja tietosuoja - Hello honey\",\"isPartOf\":{\"@id\":\"https:\/\/hellohoney.fi\/#website\"},\"datePublished\":\"2025-04-22T08:28:22+00:00\",\"dateModified\":\"2025-04-22T08:28:23+00:00\",\"breadcrumb\":{\"@id\":\"https:\/\/hellohoney.fi\/fi\/rekisteriseloste-ja-tietosuoja\/#breadcrumb\"},\"inLanguage\":\"fi\",\"potentialAction\":[{\"@type\":\"ReadAction\",\"target\":[\"https:\/\/hellohoney.fi\/fi\/rekisteriseloste-ja-tietosuoja\/\"]}]},{\"@type\":\"BreadcrumbList\",\"@id\":\"https:\/\/hellohoney.fi\/fi\/rekisteriseloste-ja-tietosuoja\/#breadcrumb\",\"itemListElement\":[{\"@type\":\"ListItem\",\"position\":1,\"name\":\"Home\",\"item\":\"https:\/\/hellohoney.fi\/fi\/\"},{\"@type\":\"ListItem\",\"position\":2,\"name\":\"Rekisteriseloste ja tietosuoja\"}]},{\"@type\":\"WebSite\",\"@id\":\"https:\/\/hellohoney.fi\/#website\",\"url\":\"https:\/\/hellohoney.fi\/\",\"name\":\"Hello honey\",\"description\":\"BEES\u2019 RECIPE \u2013 NOTHING ADDED, NOTHING TAKEN AWAY\",\"potentialAction\":[{\"@type\":\"SearchAction\",\"target\":{\"@type\":\"EntryPoint\",\"urlTemplate\":\"https:\/\/hellohoney.fi\/?s={search_term_string}\"},\"query-input\":{\"@type\":\"PropertyValueSpecification\",\"valueRequired\":true,\"valueName\":\"search_term_string\"}}],\"inLanguage\":\"fi\"}]}<\/script>\n<!-- \/ Yoast SEO plugin. -->","yoast_head_json":{"title":"Rekisteriseloste ja tietosuoja - Hello honey","robots":{"index":"index","follow":"follow","max-snippet":"max-snippet:-1","max-image-preview":"max-image-preview:large","max-video-preview":"max-video-preview:-1"},"canonical":"https:\/\/hellohoney.fi\/fi\/rekisteriseloste-ja-tietosuoja\/","og_locale":"fi_FI","og_type":"article","og_title":"Rekisteriseloste ja tietosuoja - Hello honey","og_description":"REKISTERISELOSTE Henkil\u00f6tietolaki (523\/99) 10 \u00a7 1. Rekisterinpit\u00e4j\u00e4Finhoney Oy, 2844190-8. 2. Rekisteriasioista vastaava henkil\u00f6Nora M\u00e4ntysaari, hello@hellohoney.fi, p. +358505923056. 3. Rekisterin nimihellohoney.fi -verkkokaupan asiakas- ja k\u00e4vij\u00e4rekisteri 4. Rekisterin k\u00e4ytt\u00f6tarkoitusRekisterin k\u00e4ytt\u00f6tarkoitus on hellohoney.fi -verkkokaupan asiakasrekisterin yll\u00e4pit\u00e4minen, asiakkaiden tilausten k\u00e4sittely, asiakassuhteen hoitaminen ja kaupan yll\u00e4pito. 5. Rekisterin tietosis\u00e4lt\u00f6 ja tietol\u00e4hteet K\u00e4yt\u00f6ss\u00e4 havannoidut tiedot, jos niiden ker\u00e4\u00e4miseksi on annettu lupa.\u2013&hellip; Lue lis\u00e4\u00e4","og_url":"https:\/\/hellohoney.fi\/fi\/rekisteriseloste-ja-tietosuoja\/","og_site_name":"Hello honey","article_modified_time":"2025-04-22T08:28:23+00:00","twitter_card":"summary_large_image","twitter_misc":{"Arvioitu lukuaika":"2 minuuttia"},"schema":{"@context":"https:\/\/schema.org","@graph":[{"@type":"WebPage","@id":"https:\/\/hellohoney.fi\/fi\/rekisteriseloste-ja-tietosuoja\/","url":"https:\/\/hellohoney.fi\/fi\/rekisteriseloste-ja-tietosuoja\/","name":"Rekisteriseloste ja tietosuoja - Hello honey","isPartOf":{"@id":"https:\/\/hellohoney.fi\/#website"},"datePublished":"2025-04-22T08:28:22+00:00","dateModified":"2025-04-22T08:28:23+00:00","breadcrumb":{"@id":"https:\/\/hellohoney.fi\/fi\/rekisteriseloste-ja-tietosuoja\/#breadcrumb"},"inLanguage":"fi","potentialAction":[{"@type":"ReadAction","target":["https:\/\/hellohoney.fi\/fi\/rekisteriseloste-ja-tietosuoja\/"]}]},{"@type":"BreadcrumbList","@id":"https:\/\/hellohoney.fi\/fi\/rekisteriseloste-ja-tietosuoja\/#breadcrumb","itemListElement":[{"@type":"ListItem","position":1,"name":"Home","item":"https:\/\/hellohoney.fi\/fi\/"},{"@type":"ListItem","position":2,"name":"Rekisteriseloste ja tietosuoja"}]},{"@type":"WebSite","@id":"https:\/\/hellohoney.fi\/#website","url":"https:\/\/hellohoney.fi\/","name":"Hello honey","description":"BEES\u2019 RECIPE \u2013 NOTHING ADDED, NOTHING TAKEN AWAY","potentialAction":[{"@type":"SearchAction","target":{"@type":"EntryPoint","urlTemplate":"https:\/\/hellohoney.fi\/?s={search_term_string}"},"query-input":{"@type":"PropertyValueSpecification","valueRequired":true,"valueName":"search_term_string"}}],"inLanguage":"fi"}]}},"_links":{"self":[{"href":"https:\/\/hellohoney.fi\/fi\/wp-json\/wp\/v2\/pages\/2339","targetHints":{"allow":["GET"]}}],"collection":[{"href":"https:\/\/hellohoney.fi\/fi\/wp-json\/wp\/v2\/pages"}],"about":[{"href":"https:\/\/hellohoney.fi\/fi\/wp-json\/wp\/v2\/types\/page"}],"author":[{"embeddable":true,"href":"https:\/\/hellohoney.fi\/fi\/wp-json\/wp\/v2\/users\/1"}],"replies":[{"embeddable":true,"href":"https:\/\/hellohoney.fi\/fi\/wp-json\/wp\/v2\/comments?post=2339"}],"version-history":[{"count":2,"href":"https:\/\/hellohoney.fi\/fi\/wp-json\/wp\/v2\/pages\/2339\/revisions"}],"predecessor-version":[{"id":2360,"href":"https:\/\/hellohoney.fi\/fi\/wp-json\/wp\/v2\/pages\/2339\/revisions\/2360"}],"wp:attachment":[{"href":"https:\/\/hellohoney.fi\/fi\/wp-json\/wp\/v2\/media?parent=2339"}],"curies":[{"name":"wp","href":"https:\/\/api.w.org\/{rel}","templated":true}]}}