{"id":2262,"date":"2023-10-26T14:38:43","date_gmt":"2023-10-26T12:38:43","guid":{"rendered":"https:\/\/hellohoney.fi\/?page_id=2262"},"modified":"2025-02-26T12:29:49","modified_gmt":"2025-02-26T10:29:49","slug":"nora-mantysaari","status":"publish","type":"page","link":"https:\/\/hellohoney.fi\/fi\/","title":{"rendered":"Nora M\u00e4ntysaari"},"content":{"rendered":"<div class=\"wpb-content-wrapper\"><p>[vc_row type=&#8221;boxed&#8221; content_placement=&#8221;middle&#8221;][vc_column width=&#8221;1\/2&#8243;][vc_single_image image=&#8221;1013&#8243; img_size=&#8221;full&#8221; alignment=&#8221;center&#8221;][vc_empty_space][vc_column_text]<\/p>\n<h1 style=\"text-align: center;\">P\u00f6lytt\u00e4jien,<\/h1>\n<h1 style=\"text-align: center;\">kest\u00e4v\u00e4n kehityksen<\/h1>\n<h1 style=\"text-align: center;\">ja gourmet-hunajan<\/h1>\n<h1 style=\"text-align: center;\">asiantuntija<\/h1>\n<p>[\/vc_column_text][vc_empty_space][\/vc_column][vc_column width=&#8221;1\/2&#8243;][vc_empty_space][vc_single_image image=&#8221;833&#8243; img_size=&#8221;full&#8221; alignment=&#8221;center&#8221; style=&#8221;vc_box_circle_2&#8243;][vc_empty_space][\/vc_column][\/vc_row][vc_row][vc_column][vc_empty_space height=&#8221;50px&#8221;][\/vc_column][\/vc_row][vc_row][vc_column width=&#8221;1\/4&#8243;][\/vc_column][vc_column width=&#8221;1\/2&#8243;]\r\n\t\t\t<div class=\"nm_btn_align_center\">\r\n\t\t\t\t<a href=\"\/fi\/palvelut\/\" class=\"nm_btn nm_btn_lg nm_btn_filled\">\r\n\t\t\t\t\t<span class=\"nm_btn_title\">PALVELUT<\/span>\r\n\t\t\t\t\t<span class=\"nm_btn_bg\"><\/span>\r\n\t\t\t\t<\/a>\r\n\t\t\t<\/div>[vc_empty_space]\r\n\t\t\t<div class=\"nm_btn_align_center\">\r\n\t\t\t\t<a href=\"\/fi\/blogi\/\" class=\"nm_btn nm_btn_lg nm_btn_filled\">\r\n\t\t\t\t\t<span class=\"nm_btn_title\">ARTIKKELIT<\/span>\r\n\t\t\t\t\t<span class=\"nm_btn_bg\"><\/span>\r\n\t\t\t\t<\/a>\r\n\t\t\t<\/div>[vc_empty_space]\r\n\t\t\t<div class=\"nm_btn_align_center\">\r\n\t\t\t\t<a href=\"\/fi\/shop\/\" class=\"nm_btn nm_btn_lg nm_btn_filled\">\r\n\t\t\t\t\t<span class=\"nm_btn_title\">OSTA HUNAJAA<\/span>\r\n\t\t\t\t\t<span class=\"nm_btn_bg\"><\/span>\r\n\t\t\t\t<\/a>\r\n\t\t\t<\/div>[vc_empty_space][\/vc_column][vc_column width=&#8221;1\/4&#8243;][\/vc_column][\/vc_row][vc_row][vc_column][vc_empty_space height=&#8221;50px&#8221;][\/vc_column][\/vc_row][vc_row content_placement=&#8221;middle&#8221;][vc_column width=&#8221;1\/6&#8243;][vc_single_image image=&#8221;177&#8243; img_size=&#8221;&#8221; alignment=&#8221;center&#8221;][vc_empty_space][\/vc_column][vc_column width=&#8221;2\/3&#8243;][vc_column_text]<\/p>\n<h1 style=\"text-align: center;\">Nora M\u00e4ntysaari \u2013 Hello honey<\/h1>\n<p>[\/vc_column_text][vc_empty_space][vc_column_text]<\/p>\n<h2 style=\"text-align: center;\">P\u00f6lytt\u00e4jien puolestapuhuja<\/h2>\n<p>&nbsp;<\/p>\n<p>Olen huolissani p\u00f6lytt\u00e4jist\u00e4 ja niin pit\u00e4isi sinunkin olla. Uutiset p\u00f6lytt\u00e4jien joukkokuolemista ja lent\u00e4vien hy\u00f6nteisten massatuhosta saivat minut miettim\u00e4\u00e4n, mit\u00e4 voisin tehd\u00e4 p\u00f6lytt\u00e4jien hyv\u00e4ksi. Siisp\u00e4 ryhdyin mehil\u00e4istarhaajaksi.<\/p>\n<p>Pohjakoulutukseltani olen maatalous- ja mets\u00e4tieteiden maisteri sek\u00e4 agronomi. Olen yliopiston j\u00e4lkeen suorittanut ammattitutkinnot mehil\u00e4istarhauksesta sek\u00e4 johtamisesta. Erikoisosaamistani on p\u00f6lytt\u00e4jien ja maatalouden suhde, sill\u00e4 koulutukseni ja ty\u00f6kokemukseni vuoksi ymm\u00e4rr\u00e4n erinomaisesti molempia maailmoja. Siirr\u00e4n tietotaitoani my\u00f6s alan sis\u00e4ll\u00e4 kouluttamalla uusia mehil\u00e4ishoitajia.<\/p>\n<p>Toimin p\u00f6lytt\u00e4j\u00e4asiantuntijana ja minulta yritysten on mahdollista saada Suomen parhaiten p\u00f6lytt\u00e4j\u00e4t huomioiva vastuullisuusohjelma. Teen yrityksille my\u00f6s makeita sis\u00e4lt\u00f6j\u00e4 sek\u00e4 virtuaalisesti ett\u00e4 vuokraamalla yrityksille mehil\u00e4ispesi\u00e4. Palveluni mahdollistavat tehokkaan ymp\u00e4rist\u00f6arvoista viestimisen sek\u00e4 astetta paremmat liikelahjat.[\/vc_column_text][\/vc_column][vc_column width=&#8221;1\/6&#8243;][\/vc_column][\/vc_row][vc_row][vc_column][vc_empty_space][\/vc_column][\/vc_row][vc_row][vc_column width=&#8221;1\/6&#8243;][\/vc_column][vc_column width=&#8221;2\/3&#8243;][vc_column_text css=&#8221;.vc_custom_1612361339776{margin-top: 50px !important;margin-bottom: 50px !important;}&#8221;]https:\/\/youtube.com\/watch?v=lezJBOLt-aM&amp;t=4s[\/vc_column_text][\/vc_column][vc_column width=&#8221;1\/6&#8243;][\/vc_column][\/vc_row][vc_row el_id=&#8221;yhteys&#8221;][vc_column][vc_empty_space][\/vc_column][\/vc_row][vc_row css=&#8221;.vc_custom_1509621333979{margin-top: 50px !important;margin-bottom: 50px !important;}&#8221;][vc_column width=&#8221;1\/3&#8243;][\/vc_column][vc_column width=&#8221;1\/3&#8243;][vc_custom_heading text=&#8221;Ota yhteytt\u00e4&#8221; font_container=&#8221;tag:h2|text_align:center|color:%23ed9e15&#8243;][vc_empty_space][vc_column_text]<\/p>\n<p style=\"text-align: center;\">Finhoney Oy<\/p>\n<p style=\"text-align: center;\">Nora M\u00e4ntysaari<\/p>\n<p style=\"text-align: center;\">hello@hellohoney.fi<\/p>\n<p style=\"text-align: center;\">+358 50 592 3056<\/p>\n<p>[\/vc_column_text][\/vc_column][vc_column width=&#8221;1\/3&#8243;][vc_single_image image=&#8221;175&#8243;][\/vc_column][\/vc_row][vc_row][vc_column][vc_empty_space][\/vc_column][\/vc_row][vc_row css=&#8221;.vc_custom_1508509222761{margin-top: 50px !important;}&#8221;][vc_column width=&#8221;1\/4&#8243;][\/vc_column][vc_column width=&#8221;1\/2&#8243;][vc_column_text]<\/p>\n<p style=\"text-align: center;\">\n<div class=\"wpcf7 no-js\" id=\"wpcf7-f9-o1\" lang=\"en-US\" dir=\"ltr\" data-wpcf7-id=\"9\">\n<div class=\"screen-reader-response\"><p role=\"status\" aria-live=\"polite\" aria-atomic=\"true\"><\/p> <ul><\/ul><\/div>\n<form action=\"\/fi\/wp-json\/wp\/v2\/pages\/2262#wpcf7-f9-o1\" method=\"post\" class=\"wpcf7-form init\" aria-label=\"Contact form\" novalidate=\"novalidate\" data-status=\"init\">\n<fieldset class=\"hidden-fields-container\"><input type=\"hidden\" name=\"_wpcf7\" value=\"9\" \/><input type=\"hidden\" name=\"_wpcf7_version\" value=\"6.1.4\" \/><input type=\"hidden\" name=\"_wpcf7_locale\" value=\"en_US\" \/><input type=\"hidden\" name=\"_wpcf7_unit_tag\" value=\"wpcf7-f9-o1\" \/><input type=\"hidden\" name=\"_wpcf7_container_post\" value=\"0\" \/><input type=\"hidden\" name=\"_wpcf7_posted_data_hash\" value=\"\" \/>\n<\/fieldset>\n<p><label> Nimi *<br \/>\n<span class=\"wpcf7-form-control-wrap\" data-name=\"your-name\"><input size=\"40\" maxlength=\"400\" class=\"wpcf7-form-control wpcf7-text wpcf7-validates-as-required\" aria-required=\"true\" aria-invalid=\"false\" value=\"\" type=\"text\" name=\"your-name\" \/><\/span> <\/label>\n<\/p>\n<p><label> S\u00e4hk\u00f6posti *<br \/>\n<span class=\"wpcf7-form-control-wrap\" data-name=\"your-email\"><input size=\"40\" maxlength=\"400\" class=\"wpcf7-form-control wpcf7-email wpcf7-validates-as-required wpcf7-text wpcf7-validates-as-email\" aria-required=\"true\" aria-invalid=\"false\" value=\"\" type=\"email\" name=\"your-email\" \/><\/span> <\/label>\n<\/p>\n<p><label> Aihe<br \/>\n<span class=\"wpcf7-form-control-wrap\" data-name=\"your-subject\"><input size=\"40\" maxlength=\"400\" class=\"wpcf7-form-control wpcf7-text\" aria-invalid=\"false\" value=\"\" type=\"text\" name=\"your-subject\" \/><\/span> <\/label>\n<\/p>\n<p><label> Viesti<br \/>\n<span class=\"wpcf7-form-control-wrap\" data-name=\"your-message\"><textarea cols=\"40\" rows=\"10\" maxlength=\"2000\" class=\"wpcf7-form-control wpcf7-textarea\" aria-invalid=\"false\" name=\"your-message\"><\/textarea><\/span> <\/label>\n<\/p>\n<p><input class=\"wpcf7-form-control wpcf7-submit has-spinner\" type=\"submit\" value=\"L\u00e4het\u00e4\" \/>\n<\/p><p style=\"display: none !important;\" class=\"akismet-fields-container\" data-prefix=\"_wpcf7_ak_\"><label>&#916;<textarea name=\"_wpcf7_ak_hp_textarea\" cols=\"45\" rows=\"8\" maxlength=\"100\"><\/textarea><\/label><input type=\"hidden\" id=\"ak_js_1\" name=\"_wpcf7_ak_js\" value=\"58\"\/><script>document.getElementById( \"ak_js_1\" ).setAttribute( \"value\", ( new Date() ).getTime() );<\/script><\/p><div class=\"wpcf7-response-output\" aria-hidden=\"true\"><\/div>\n<\/form>\n<\/div>\n<p>[\/vc_column_text][\/vc_column][vc_column width=&#8221;1\/4&#8243;][vc_empty_space][vc_single_image image=&#8221;56&#8243; img_size=&#8221;200&#215;200&#8243; alignment=&#8221;center&#8221;][\/vc_column][\/vc_row][vc_row][vc_column][vc_empty_space][\/vc_column][\/vc_row][vc_row][vc_column]        <div class=\"nm-post-slider slick-slider slick-controls-gray slick-dots-centered slick-dots-active-small\" data-slides-to-show=\"3\" data-slides-to-scroll=\"3\">\r\n\t\t\t            <div>\r\n                <div class=\"nm-post-slider-inner\">\r\n                    <a href=\"https:\/\/hellohoney.fi\/fi\/2025\/03\/05\/mehilaispesan-vuokraus-yritykselle\/\" class=\"nm-post-slider-image\">\r\n\t\t\t\t\t<img decoding=\"async\" src=\"https:\/\/hellohoney.fi\/wp-content\/uploads\/2025\/03\/Mustat-mehilaiset-2-kuvannut-Nora-Mantysaari.jpg\" alt=\"Mehil\u00e4ispes\u00e4n vuokraus yritykselle\" \/>\t\t\t\t\t\t<div class=\"nm-image-overlay\"><\/div>\r\n\t\t\t\t\t                    <\/a>\r\n                    \r\n                    <div class=\"nm-post-slider-content\">\r\n                        <div class=\"nm-post-meta\">5 maaliskuun, 2025<\/div>\r\n                        <h3><a href=\"https:\/\/hellohoney.fi\/fi\/2025\/03\/05\/mehilaispesan-vuokraus-yritykselle\/\">Mehil\u00e4ispes\u00e4n vuokraus yritykselle<\/a><\/h3>\r\n                                                <div class=\"nm-post-slider-excerpt\"><p>Yrityksilt\u00e4 vaaditaan yh\u00e4 enemm\u00e4n vastuullisuutta. T\u00e4m\u00e4 n\u00e4kyy vastuullisuusohjelmien, kiristyneen lains\u00e4\u00e4d\u00e4nn\u00f6n ja toivottavasti my\u00f6s k\u00e4yt\u00e4nn\u00f6n tekojen kautta. Mehil\u00e4ispes\u00e4n vuokraus yritykselle tukee mehil\u00e4isten arvokkainta ty\u00f6t\u00e4, nimitt\u00e4in p\u00f6lytysty\u00f6t\u00e4. Jopa 75 % maailman ruokakasveista hy\u00f6tyy mehil\u00e4isp\u00f6lytyksest\u00e4 ja mehil\u00e4isill\u00e4 on suuri merkitys my\u00f6s luonnonkasvien p\u00f6lytt\u00e4jin\u00e4. Mehil\u00e4ispes\u00e4n vuokraus yritykselle lis\u00e4\u00e4 p\u00f6lytysty\u00f6t\u00e4 juuri mehil\u00e4ispes\u00e4n l\u00e4hialueen kasveille. Millaiselle yritykselle mehil\u00e4ispes\u00e4n vuokraus sopii? T\u00e4rkeint\u00e4&hellip; <a class=\"read-more-link\" href=\"https:\/\/hellohoney.fi\/fi\/2025\/03\/05\/mehilaispesan-vuokraus-yritykselle\/\">Lue lis\u00e4\u00e4<\/a><\/p>\n<\/div>\r\n                                            <\/div>\r\n                <\/div>\r\n            <\/div>\r\n                        <div>\r\n                <div class=\"nm-post-slider-inner\">\r\n                    <a href=\"https:\/\/hellohoney.fi\/fi\/2025\/02\/14\/mehilaistarhauksen-jatkokurssi\/\" class=\"nm-post-slider-image\">\r\n\t\t\t\t\t<img decoding=\"async\" src=\"https:\/\/hellohoney.fi\/wp-content\/uploads\/2017\/12\/DSC00364-2-1-e1604742308692.jpg\" alt=\"Nora M\u00e4ntysaari, mehil\u00e4istarhaaja, mehil\u00e4istarhauksen jatkokurssi\" \/>\t\t\t\t\t\t<div class=\"nm-image-overlay\"><\/div>\r\n\t\t\t\t\t                    <\/a>\r\n                    \r\n                    <div class=\"nm-post-slider-content\">\r\n                        <div class=\"nm-post-meta\">14 helmikuun, 2025<\/div>\r\n                        <h3><a href=\"https:\/\/hellohoney.fi\/fi\/2025\/02\/14\/mehilaistarhauksen-jatkokurssi\/\">Mehil\u00e4istarhauksen jatkokurssi<\/a><\/h3>\r\n                                                <div class=\"nm-post-slider-excerpt\"><p>Mehil\u00e4istarhauksen jatkokurssi Hip hei! J\u00e4rjest\u00e4n ensimm\u00e4ist\u00e4 kertaa ikin\u00e4 ihka oman mehil\u00e4istarhauksen jatkokurssin. T\u00e4t\u00e4 ennen olen kouluttanut mehil\u00e4istarhauksen peruskursseilla 100+ uutta mehil\u00e4ishoitajaa. Miksi teik\u00e4l\u00e4isten kouluttaminen on parasta ikin\u00e4? Rakastan sit\u00e4 intoa, joka uusilla mehil\u00e4ishoitajilla on. Tykk\u00e4\u00e4n puhua mehil\u00e4isist\u00e4 ja my\u00f6s mehil\u00e4isalan tabuista, kuten siit\u00e4, ett\u00e4 kaikki tekev\u00e4t virheit\u00e4 ja virheist\u00e4 voi oppia. Nyt sinulla onkin mahdollisuus&hellip; <a class=\"read-more-link\" href=\"https:\/\/hellohoney.fi\/fi\/2025\/02\/14\/mehilaistarhauksen-jatkokurssi\/\">Lue lis\u00e4\u00e4<\/a><\/p>\n<\/div>\r\n                                            <\/div>\r\n                <\/div>\r\n            <\/div>\r\n                        <div>\r\n                <div class=\"nm-post-slider-inner\">\r\n                    <a href=\"https:\/\/hellohoney.fi\/fi\/2021\/11\/01\/mustan-mehilaisen-hunaja\/\" class=\"nm-post-slider-image\">\r\n\t\t\t\t\t<img decoding=\"async\" src=\"https:\/\/hellohoney.fi\/wp-content\/uploads\/2021\/11\/mustan_mehilaisen_hunaja_13-1.jpg\" alt=\"Mustan mehil\u00e4isen hunaja\" \/>\t\t\t\t\t\t<div class=\"nm-image-overlay\"><\/div>\r\n\t\t\t\t\t                    <\/a>\r\n                    \r\n                    <div class=\"nm-post-slider-content\">\r\n                        <div class=\"nm-post-meta\">1 marraskuun, 2021<\/div>\r\n                        <h3><a href=\"https:\/\/hellohoney.fi\/fi\/2021\/11\/01\/mustan-mehilaisen-hunaja\/\">Mustan mehil\u00e4isen hunaja<\/a><\/h3>\r\n                                                <div class=\"nm-post-slider-excerpt\"><p>Mustan mehil\u00e4isen hunaja Mustan mehil\u00e4isen hunaja on harvinaisen alkuper\u00e4isrodun tuottamaa hunajaa. Musta mehil\u00e4inen on ensimm\u00e4inen Suomeen, Turun seudulle, 1750-luvulla tuotu mehil\u00e4inen. Alkuper\u00e4isrotumme l\u00e4hes h\u00e4visi, kunnes muutama mehil\u00e4ishoitaja alkoi suojella harvinaista mustaa mehil\u00e4ist\u00e4. T\u00e4ll\u00e4 hetkell\u00e4 noin 1 % mehil\u00e4ishoitajista suojelee juuri mustaa mehil\u00e4ist\u00e4. Miten tutustuin mustiin mehil\u00e4isiin? Innostuin mehil\u00e4istarhauksesta k\u00e4yty\u00e4ni agronomiopintojen yhteydess\u00e4 vapaavalintaisen mehil\u00e4istarhauksen kurssin. Tuolla&hellip; <a class=\"read-more-link\" href=\"https:\/\/hellohoney.fi\/fi\/2021\/11\/01\/mustan-mehilaisen-hunaja\/\">Lue lis\u00e4\u00e4<\/a><\/p>\n<\/div>\r\n                                            <\/div>\r\n                <\/div>\r\n            <\/div>\r\n                    <\/div>\r\n        [\/vc_column][\/vc_row]<\/p>\n<\/div>","protected":false},"excerpt":{"rendered":"<p>[vc_row type=&#8221;boxed&#8221; content_placement=&#8221;middle&#8221;][vc_column width=&#8221;1\/2&#8243;][vc_single_image image=&#8221;1013&#8243; img_size=&#8221;full&#8221; alignment=&#8221;center&#8221;][vc_empty_space][vc_column_text] P\u00f6lytt\u00e4jien, kest\u00e4v\u00e4n kehityksen ja gourmet-hunajan asiantuntija [\/vc_column_text][vc_empty_space][\/vc_column][vc_column width=&#8221;1\/2&#8243;][vc_empty_space][vc_single_image image=&#8221;833&#8243; img_size=&#8221;full&#8221; alignment=&#8221;center&#8221; style=&#8221;vc_box_circle_2&#8243;][vc_empty_space][\/vc_column][\/vc_row][vc_row][vc_column][vc_empty_space height=&#8221;50px&#8221;][\/vc_column][\/vc_row][vc_row][vc_column width=&#8221;1\/4&#8243;][\/vc_column][vc_column width=&#8221;1\/2&#8243;][vc_empty_space][vc_empty_space][vc_empty_space][\/vc_column][vc_column width=&#8221;1\/4&#8243;][\/vc_column][\/vc_row][vc_row][vc_column][vc_empty_space height=&#8221;50px&#8221;][\/vc_column][\/vc_row][vc_row content_placement=&#8221;middle&#8221;][vc_column width=&#8221;1\/6&#8243;][vc_single_image image=&#8221;177&#8243; img_size=&#8221;&#8221; alignment=&#8221;center&#8221;][vc_empty_space][\/vc_column][vc_column width=&#8221;2\/3&#8243;][vc_column_text] Nora M\u00e4ntysaari \u2013 Hello honey [\/vc_column_text][vc_empty_space][vc_column_text] P\u00f6lytt\u00e4jien puolestapuhuja &nbsp; Olen huolissani p\u00f6lytt\u00e4jist\u00e4 ja niin pit\u00e4isi sinunkin olla. Uutiset p\u00f6lytt\u00e4jien joukkokuolemista ja lent\u00e4vien hy\u00f6nteisten massatuhosta saivat&hellip; <a class=\"read-more-link\" href=\"https:\/\/hellohoney.fi\/fi\/2021\/11\/01\/mustan-mehilaisen-hunaja\/\">Lue lis\u00e4\u00e4<\/a><\/p>\n","protected":false},"author":1,"featured_media":833,"parent":0,"menu_order":0,"comment_status":"closed","ping_status":"closed","template":"","meta":{"footnotes":""},"class_list":["post-2262","page","type-page","status-publish","has-post-thumbnail","hentry"],"yoast_head":"<!-- This site is optimized with the Yoast SEO plugin v26.8 - https:\/\/yoast.com\/product\/yoast-seo-wordpress\/ -->\n<title>Hello honey, I&#039;m Nora M\u00e4ntysaari<\/title>\n<meta name=\"description\" content=\"El\u00e4mykselliset hunajat suoraan mehil\u00e4istarhaajalta. Toimin p\u00f6lytt\u00e4j\u00e4asiantuntijana ja kauttani voit vuokrata yritykselle kummimehil\u00e4ispes\u00e4n.\" \/>\n<meta name=\"robots\" content=\"index, follow, max-snippet:-1, max-image-preview:large, max-video-preview:-1\" \/>\n<link rel=\"canonical\" href=\"https:\/\/hellohoney.fi\/fi\/\" \/>\n<meta property=\"og:locale\" content=\"fi_FI\" \/>\n<meta property=\"og:type\" content=\"article\" \/>\n<meta property=\"og:title\" content=\"Hello honey, I&#039;m Nora M\u00e4ntysaari\" \/>\n<meta property=\"og:description\" content=\"El\u00e4mykselliset hunajat suoraan mehil\u00e4istarhaajalta. Toimin p\u00f6lytt\u00e4j\u00e4asiantuntijana ja kauttani voit vuokrata yritykselle kummimehil\u00e4ispes\u00e4n.\" \/>\n<meta property=\"og:url\" content=\"https:\/\/hellohoney.fi\/fi\/\" \/>\n<meta property=\"og:site_name\" content=\"Hello honey\" \/>\n<meta property=\"article:modified_time\" content=\"2025-02-26T10:29:49+00:00\" \/>\n<meta property=\"og:image\" content=\"https:\/\/hellohoney.fi\/wp-content\/uploads\/2018\/11\/nora_06.jpg\" \/>\n\t<meta property=\"og:image:width\" content=\"1500\" \/>\n\t<meta property=\"og:image:height\" content=\"1000\" \/>\n\t<meta property=\"og:image:type\" content=\"image\/jpeg\" \/>\n<meta name=\"twitter:card\" content=\"summary_large_image\" \/>\n<meta name=\"twitter:label1\" content=\"Arvioitu lukuaika\" \/>\n\t<meta name=\"twitter:data1\" content=\"3 minuuttia\" \/>\n<script type=\"application\/ld+json\" class=\"yoast-schema-graph\">{\"@context\":\"https:\/\/schema.org\",\"@graph\":[{\"@type\":\"WebPage\",\"@id\":\"https:\/\/hellohoney.fi\/fi\/\",\"url\":\"https:\/\/hellohoney.fi\/fi\/\",\"name\":\"Hello honey, I'm Nora M\u00e4ntysaari\",\"isPartOf\":{\"@id\":\"https:\/\/hellohoney.fi\/#website\"},\"primaryImageOfPage\":{\"@id\":\"https:\/\/hellohoney.fi\/fi\/#primaryimage\"},\"image\":{\"@id\":\"https:\/\/hellohoney.fi\/fi\/#primaryimage\"},\"thumbnailUrl\":\"https:\/\/hellohoney.fi\/wp-content\/uploads\/2018\/11\/nora_06.jpg\",\"datePublished\":\"2023-10-26T12:38:43+00:00\",\"dateModified\":\"2025-02-26T10:29:49+00:00\",\"description\":\"El\u00e4mykselliset hunajat suoraan mehil\u00e4istarhaajalta. Toimin p\u00f6lytt\u00e4j\u00e4asiantuntijana ja kauttani voit vuokrata yritykselle kummimehil\u00e4ispes\u00e4n.\",\"breadcrumb\":{\"@id\":\"https:\/\/hellohoney.fi\/fi\/#breadcrumb\"},\"inLanguage\":\"fi\",\"potentialAction\":[{\"@type\":\"ReadAction\",\"target\":[\"https:\/\/hellohoney.fi\/fi\/\"]}]},{\"@type\":\"ImageObject\",\"inLanguage\":\"fi\",\"@id\":\"https:\/\/hellohoney.fi\/fi\/#primaryimage\",\"url\":\"https:\/\/hellohoney.fi\/wp-content\/uploads\/2018\/11\/nora_06.jpg\",\"contentUrl\":\"https:\/\/hellohoney.fi\/wp-content\/uploads\/2018\/11\/nora_06.jpg\",\"width\":1500,\"height\":1000,\"caption\":\"mehil\u00e4istarhaaja Nora M\u00e4ntysaari, yritt\u00e4j\u00e4n ensimm\u00e4inen vuosi Nora M\u00e4ntysaari Hello honey\"},{\"@type\":\"BreadcrumbList\",\"@id\":\"https:\/\/hellohoney.fi\/fi\/#breadcrumb\",\"itemListElement\":[{\"@type\":\"ListItem\",\"position\":1,\"name\":\"Home\",\"item\":\"https:\/\/hellohoney.fi\/fi\/\"},{\"@type\":\"ListItem\",\"position\":2,\"name\":\"Nora M\u00e4ntysaari\"}]},{\"@type\":\"WebSite\",\"@id\":\"https:\/\/hellohoney.fi\/#website\",\"url\":\"https:\/\/hellohoney.fi\/\",\"name\":\"Hello honey\",\"description\":\"BEES\u2019 RECIPE \u2013 NOTHING ADDED, NOTHING TAKEN AWAY\",\"potentialAction\":[{\"@type\":\"SearchAction\",\"target\":{\"@type\":\"EntryPoint\",\"urlTemplate\":\"https:\/\/hellohoney.fi\/?s={search_term_string}\"},\"query-input\":{\"@type\":\"PropertyValueSpecification\",\"valueRequired\":true,\"valueName\":\"search_term_string\"}}],\"inLanguage\":\"fi\"}]}<\/script>\n<!-- \/ Yoast SEO plugin. -->","yoast_head_json":{"title":"Hello honey, I'm Nora M\u00e4ntysaari","description":"El\u00e4mykselliset hunajat suoraan mehil\u00e4istarhaajalta. Toimin p\u00f6lytt\u00e4j\u00e4asiantuntijana ja kauttani voit vuokrata yritykselle kummimehil\u00e4ispes\u00e4n.","robots":{"index":"index","follow":"follow","max-snippet":"max-snippet:-1","max-image-preview":"max-image-preview:large","max-video-preview":"max-video-preview:-1"},"canonical":"https:\/\/hellohoney.fi\/fi\/","og_locale":"fi_FI","og_type":"article","og_title":"Hello honey, I'm Nora M\u00e4ntysaari","og_description":"El\u00e4mykselliset hunajat suoraan mehil\u00e4istarhaajalta. Toimin p\u00f6lytt\u00e4j\u00e4asiantuntijana ja kauttani voit vuokrata yritykselle kummimehil\u00e4ispes\u00e4n.","og_url":"https:\/\/hellohoney.fi\/fi\/","og_site_name":"Hello honey","article_modified_time":"2025-02-26T10:29:49+00:00","og_image":[{"width":1500,"height":1000,"url":"https:\/\/hellohoney.fi\/wp-content\/uploads\/2018\/11\/nora_06.jpg","type":"image\/jpeg"}],"twitter_card":"summary_large_image","twitter_misc":{"Arvioitu lukuaika":"3 minuuttia"},"schema":{"@context":"https:\/\/schema.org","@graph":[{"@type":"WebPage","@id":"https:\/\/hellohoney.fi\/fi\/","url":"https:\/\/hellohoney.fi\/fi\/","name":"Hello honey, I'm Nora M\u00e4ntysaari","isPartOf":{"@id":"https:\/\/hellohoney.fi\/#website"},"primaryImageOfPage":{"@id":"https:\/\/hellohoney.fi\/fi\/#primaryimage"},"image":{"@id":"https:\/\/hellohoney.fi\/fi\/#primaryimage"},"thumbnailUrl":"https:\/\/hellohoney.fi\/wp-content\/uploads\/2018\/11\/nora_06.jpg","datePublished":"2023-10-26T12:38:43+00:00","dateModified":"2025-02-26T10:29:49+00:00","description":"El\u00e4mykselliset hunajat suoraan mehil\u00e4istarhaajalta. Toimin p\u00f6lytt\u00e4j\u00e4asiantuntijana ja kauttani voit vuokrata yritykselle kummimehil\u00e4ispes\u00e4n.","breadcrumb":{"@id":"https:\/\/hellohoney.fi\/fi\/#breadcrumb"},"inLanguage":"fi","potentialAction":[{"@type":"ReadAction","target":["https:\/\/hellohoney.fi\/fi\/"]}]},{"@type":"ImageObject","inLanguage":"fi","@id":"https:\/\/hellohoney.fi\/fi\/#primaryimage","url":"https:\/\/hellohoney.fi\/wp-content\/uploads\/2018\/11\/nora_06.jpg","contentUrl":"https:\/\/hellohoney.fi\/wp-content\/uploads\/2018\/11\/nora_06.jpg","width":1500,"height":1000,"caption":"mehil\u00e4istarhaaja Nora M\u00e4ntysaari, yritt\u00e4j\u00e4n ensimm\u00e4inen vuosi Nora M\u00e4ntysaari Hello honey"},{"@type":"BreadcrumbList","@id":"https:\/\/hellohoney.fi\/fi\/#breadcrumb","itemListElement":[{"@type":"ListItem","position":1,"name":"Home","item":"https:\/\/hellohoney.fi\/fi\/"},{"@type":"ListItem","position":2,"name":"Nora M\u00e4ntysaari"}]},{"@type":"WebSite","@id":"https:\/\/hellohoney.fi\/#website","url":"https:\/\/hellohoney.fi\/","name":"Hello honey","description":"BEES\u2019 RECIPE \u2013 NOTHING ADDED, NOTHING TAKEN AWAY","potentialAction":[{"@type":"SearchAction","target":{"@type":"EntryPoint","urlTemplate":"https:\/\/hellohoney.fi\/?s={search_term_string}"},"query-input":{"@type":"PropertyValueSpecification","valueRequired":true,"valueName":"search_term_string"}}],"inLanguage":"fi"}]}},"_links":{"self":[{"href":"https:\/\/hellohoney.fi\/fi\/wp-json\/wp\/v2\/pages\/2262","targetHints":{"allow":["GET"]}}],"collection":[{"href":"https:\/\/hellohoney.fi\/fi\/wp-json\/wp\/v2\/pages"}],"about":[{"href":"https:\/\/hellohoney.fi\/fi\/wp-json\/wp\/v2\/types\/page"}],"author":[{"embeddable":true,"href":"https:\/\/hellohoney.fi\/fi\/wp-json\/wp\/v2\/users\/1"}],"replies":[{"embeddable":true,"href":"https:\/\/hellohoney.fi\/fi\/wp-json\/wp\/v2\/comments?post=2262"}],"version-history":[{"count":6,"href":"https:\/\/hellohoney.fi\/fi\/wp-json\/wp\/v2\/pages\/2262\/revisions"}],"predecessor-version":[{"id":2341,"href":"https:\/\/hellohoney.fi\/fi\/wp-json\/wp\/v2\/pages\/2262\/revisions\/2341"}],"wp:featuredmedia":[{"embeddable":true,"href":"https:\/\/hellohoney.fi\/fi\/wp-json\/wp\/v2\/media\/833"}],"wp:attachment":[{"href":"https:\/\/hellohoney.fi\/fi\/wp-json\/wp\/v2\/media?parent=2262"}],"curies":[{"name":"wp","href":"https:\/\/api.w.org\/{rel}","templated":true}]}}