{"id":1961,"date":"2021-10-27T10:23:31","date_gmt":"2021-10-27T08:23:31","guid":{"rendered":"https:\/\/hellohoney.fi\/?page_id=1961"},"modified":"2025-02-26T13:02:11","modified_gmt":"2025-02-26T11:02:11","slug":"mustan-mehilaisen-hunaja","status":"publish","type":"page","link":"https:\/\/hellohoney.fi\/fi\/mustan-mehilaisen-hunaja\/","title":{"rendered":"Mustan mehil\u00e4isen hunaja"},"content":{"rendered":"<div class=\"wpb-content-wrapper\"><p>[vc_row][vc_column width=&#8221;1\/3&#8243;][\/vc_column][vc_column width=&#8221;1\/3&#8243;][vc_empty_space][vc_single_image image=&#8221;2334&#8243; img_size=&#8221;full&#8221; alignment=&#8221;center&#8221;][\/vc_column][vc_column width=&#8221;1\/3&#8243;][\/vc_column][\/vc_row][vc_row][vc_column width=&#8221;1\/4&#8243;][\/vc_column][vc_column width=&#8221;1\/2&#8243;][vc_empty_space][vc_column_text]<\/p>\n<h1 style=\"text-align: center;\">Musta mehil\u00e4inen on ensimm\u00e4inen Suomeen tuotu mehil\u00e4inen<\/h1>\n<p>[\/vc_column_text][vc_empty_space][vc_column_text]<\/p>\n<p class=\"p1\" style=\"text-align: center;\">Musta mehil\u00e4inen on ensimm\u00e4inen Suomeen, Turun seudulle, 1750-luvulla tuotu mehil\u00e4inen.<\/p>\n<p class=\"p1\" style=\"text-align: center;\">Alkuper\u00e4isrotumme l\u00e4hes h\u00e4visi, kunnes muutama mehil\u00e4ishoitaja alkoi suojella harvinaista mustaa mehil\u00e4ist\u00e4.<\/p>\n<p class=\"p1\" style=\"text-align: center;\">Mustan mehil\u00e4isen hunajaa on saatavilla verkkokaupasta sek\u00e4 K-ruokakaupoista. Lue lis\u00e4\u00e4 mustasta mehil\u00e4isest\u00e4 <a href=\"https:\/\/hellohoney.fi\/fi\/blogi\/\">blogista<\/a>.<\/p>\n<p>[\/vc_column_text][vc_empty_space][\/vc_column][vc_column width=&#8221;1\/4&#8243;][\/vc_column][\/vc_row][vc_row][vc_column width=&#8221;1\/3&#8243;][\/vc_column][vc_column width=&#8221;1\/3&#8243;][vc_empty_space]\r\n\t\t\t<div class=\"nm_btn_align_center\">\r\n\t\t\t\t<a href=\"https:\/\/hellohoney.fi\/fi\/tuote\/mustan-mehilaisen-hunaja\/\" class=\"nm_btn nm_btn_lg nm_btn_filled\">\r\n\t\t\t\t\t<span class=\"nm_btn_title\">OSTA T\u00c4ST\u00c4<\/span>\r\n\t\t\t\t\t<span class=\"nm_btn_bg\" style=\"background-color:#ed9e15;\"><\/span>\r\n\t\t\t\t<\/a>\r\n\t\t\t<\/div>[vc_empty_space][\/vc_column][vc_column width=&#8221;1\/3&#8243;][\/vc_column][\/vc_row][vc_row][vc_column width=&#8221;1\/6&#8243;][\/vc_column][vc_column width=&#8221;2\/3&#8243;][vc_empty_space][vc_single_image image=&#8221;1964&#8243; img_size=&#8221;full&#8221;][vc_empty_space][\/vc_column][vc_column width=&#8221;1\/6&#8243;][\/vc_column][\/vc_row][vc_row][vc_column width=&#8221;1\/6&#8243;][\/vc_column][vc_column width=&#8221;2\/3&#8243;][vc_empty_space]        <div class=\"nm-posts nm-blog-grid\">\r\n            <ul class=\"xsmall-block-grid-1 small-block-grid-1 medium-block-grid-2 large-block-grid-2\">\r\n                            <li class=\"post-1989 post type-post status-publish format-standard has-post-thumbnail hentry category-beekeepers-life category-buzz-about-bees category-enjoy-entrepreneurship category-hello-honey category-no-farms-no-food tag-apis-mellifera-mellifera tag-hunaja tag-mehilaistarhaus tag-musta-mehilainen tag-mustan-mehilaisen-hunaja tag-pohjolan-tumma-mehilainen tag-polyttajat\">\r\n                                        <div class=\"nm-post-thumbnail\">\r\n                        <a href=\"https:\/\/hellohoney.fi\/fi\/2021\/11\/01\/mustan-mehilaisen-hunaja\/\">\r\n                            <img decoding=\"async\" width=\"1500\" height=\"1000\" src=\"https:\/\/hellohoney.fi\/wp-content\/uploads\/2021\/11\/mustan_mehilaisen_hunaja_13-1.jpg\" class=\"attachment- size- wp-post-image\" alt=\"Mustan mehil\u00e4isen hunaja\" srcset=\"https:\/\/hellohoney.fi\/wp-content\/uploads\/2021\/11\/mustan_mehilaisen_hunaja_13-1.jpg 1500w, https:\/\/hellohoney.fi\/wp-content\/uploads\/2021\/11\/mustan_mehilaisen_hunaja_13-1-800x533.jpg 800w, https:\/\/hellohoney.fi\/wp-content\/uploads\/2021\/11\/mustan_mehilaisen_hunaja_13-1-1024x683.jpg 1024w\" sizes=\"(max-width: 1500px) 100vw, 1500px\" \/>                            <div class=\"nm-image-overlay\"><\/div>\r\n                        <\/a>\r\n                    <\/div>\r\n                                        \r\n                    <div class=\"nm-post-meta\">\r\n                        <span>1 marraskuun, 2021<\/span>\r\n                    <\/div>\r\n                    \r\n                    <h2 class=\"nm-post-title\"><a href=\"https:\/\/hellohoney.fi\/fi\/2021\/11\/01\/mustan-mehilaisen-hunaja\/\">Mustan mehil\u00e4isen hunaja<\/a><\/h2>\r\n                    \r\n                                        <div class=\"nm-post-content\">\r\n                        <div class=\"nm-post-excerpt\">\r\n                            <p>Mustan mehil\u00e4isen hunaja Mustan mehil\u00e4isen hunaja on harvinaisen alkuper\u00e4isrodun tuottamaa hunajaa. Musta mehil\u00e4inen on ensimm\u00e4inen Suomeen, Turun seudulle, 1750-luvulla tuotu mehil\u00e4inen. Alkuper\u00e4isrotumme l\u00e4hes h\u00e4visi, kunnes muutama mehil\u00e4ishoitaja alkoi suojella harvinaista mustaa mehil\u00e4ist\u00e4. T\u00e4ll\u00e4 hetkell\u00e4 noin 1 % mehil\u00e4ishoitajista suojelee juuri mustaa mehil\u00e4ist\u00e4. Miten tutustuin mustiin mehil\u00e4isiin? Innostuin mehil\u00e4istarhauksesta k\u00e4yty\u00e4ni agronomiopintojen yhteydess\u00e4 vapaavalintaisen mehil\u00e4istarhauksen kurssin. Tuolla&hellip; <a class=\"read-more-link\" href=\"https:\/\/hellohoney.fi\/fi\/2021\/11\/01\/mustan-mehilaisen-hunaja\/\">Lue lis\u00e4\u00e4<\/a><\/p>\n                            <a href=\"https:\/\/hellohoney.fi\/fi\/2021\/11\/01\/mustan-mehilaisen-hunaja\/\" class=\"nm-post-read-more\">\r\n                                <span>More<\/span><i class=\"nm-font nm-font-angle-thin-right\"><\/i>\r\n                            <\/a>\r\n                        <\/div>\r\n                    <\/div>\r\n                                    <\/li>\r\n                            <li class=\"post-1251 post type-post status-publish format-standard has-post-thumbnail hentry category-buzz-about-bees tag-mehilaiset tag-mehilaistarhaus tag-mustat-mehilaiset\">\r\n                                        <div class=\"nm-post-thumbnail\">\r\n                        <a href=\"https:\/\/hellohoney.fi\/fi\/2019\/05\/24\/mustien-mehilaisten-matkassa-mustat-mehilaiset\/\">\r\n                            <img decoding=\"async\" width=\"1500\" height=\"1000\" src=\"https:\/\/hellohoney.fi\/wp-content\/uploads\/2021\/11\/Credit-Barbara-Kaucher-Aritusproject.jpg\" class=\"attachment- size- wp-post-image\" alt=\"Musta mehil\u00e4inen\" srcset=\"https:\/\/hellohoney.fi\/wp-content\/uploads\/2021\/11\/Credit-Barbara-Kaucher-Aritusproject.jpg 1500w, https:\/\/hellohoney.fi\/wp-content\/uploads\/2021\/11\/Credit-Barbara-Kaucher-Aritusproject-800x533.jpg 800w, https:\/\/hellohoney.fi\/wp-content\/uploads\/2021\/11\/Credit-Barbara-Kaucher-Aritusproject-1024x683.jpg 1024w\" sizes=\"(max-width: 1500px) 100vw, 1500px\" \/>                            <div class=\"nm-image-overlay\"><\/div>\r\n                        <\/a>\r\n                    <\/div>\r\n                                        \r\n                    <div class=\"nm-post-meta\">\r\n                        <span>24 toukokuun, 2019<\/span>\r\n                    <\/div>\r\n                    \r\n                    <h2 class=\"nm-post-title\"><a href=\"https:\/\/hellohoney.fi\/fi\/2019\/05\/24\/mustien-mehilaisten-matkassa-mustat-mehilaiset\/\">Mustien mehil\u00e4isten matkassa<\/a><\/h2>\r\n                    \r\n                                        <div class=\"nm-post-content\">\r\n                        <div class=\"nm-post-excerpt\">\r\n                            <p>Yksi mehil\u00e4istarhauksen suurimpia h\u00e4mm\u00e4styksi\u00e4 oli oivallus, ett\u00e4 mehil\u00e4isrotuja on erilaisia. Kun aloitin mehil\u00e4istarhauksen, halusin ehdottomasti hankkia pohjolan tummia mehil\u00e4isi\u00e4. Pohjolan tumma mehil\u00e4inen eli musta mehil\u00e4inen kiinnosti, koska se on maatiaisrotu. V\u00e4h\u00e4n kuin maatiaiskanat tai kyytt\u00f6lehm\u00e4t ovat alkuper\u00e4isrotuja. Olin my\u00f6s kuullut rodun uhanalaisuudesta ja halusin tehd\u00e4 oman osuuteni mustan mehil\u00e4isen suojeluty\u00f6n eteen. Otin tuolloin yhteytt\u00e4 rodun&hellip; <a class=\"read-more-link\" href=\"https:\/\/hellohoney.fi\/fi\/2019\/05\/24\/mustien-mehilaisten-matkassa-mustat-mehilaiset\/\">Lue lis\u00e4\u00e4<\/a><\/p>\n                            <a href=\"https:\/\/hellohoney.fi\/fi\/2019\/05\/24\/mustien-mehilaisten-matkassa-mustat-mehilaiset\/\" class=\"nm-post-read-more\">\r\n                                <span>More<\/span><i class=\"nm-font nm-font-angle-thin-right\"><\/i>\r\n                            <\/a>\r\n                        <\/div>\r\n                    <\/div>\r\n                                    <\/li>\r\n                        <\/ul>\r\n        <\/div>\r\n        [vc_empty_space][\/vc_column][vc_column width=&#8221;1\/6&#8243;][\/vc_column][\/vc_row][vc_row][vc_column width=&#8221;1\/3&#8243;][\/vc_column][vc_column width=&#8221;1\/3&#8243;][vc_empty_space][vc_single_image image=&#8221;1974&#8243; img_size=&#8221;100X100&#8243; alignment=&#8221;center&#8221;][vc_empty_space][\/vc_column][vc_column width=&#8221;1\/3&#8243;][\/vc_column][\/vc_row]<\/p>\n<\/div>","protected":false},"excerpt":{"rendered":"<p>[vc_row][vc_column width=&#8221;1\/3&#8243;][\/vc_column][vc_column width=&#8221;1\/3&#8243;][vc_empty_space][vc_single_image image=&#8221;2334&#8243; img_size=&#8221;full&#8221; alignment=&#8221;center&#8221;][\/vc_column][vc_column width=&#8221;1\/3&#8243;][\/vc_column][\/vc_row][vc_row][vc_column width=&#8221;1\/4&#8243;][\/vc_column][vc_column width=&#8221;1\/2&#8243;][vc_empty_space][vc_column_text] Musta mehil\u00e4inen on ensimm\u00e4inen Suomeen tuotu mehil\u00e4inen [\/vc_column_text][vc_empty_space][vc_column_text] Musta mehil\u00e4inen on ensimm\u00e4inen Suomeen, Turun seudulle, 1750-luvulla tuotu mehil\u00e4inen. Alkuper\u00e4isrotumme l\u00e4hes h\u00e4visi, kunnes muutama mehil\u00e4ishoitaja alkoi suojella harvinaista mustaa mehil\u00e4ist\u00e4. Mustan mehil\u00e4isen hunajaa on saatavilla verkkokaupasta sek\u00e4 K-ruokakaupoista. Lue lis\u00e4\u00e4 mustasta mehil\u00e4isest\u00e4 blogista. [\/vc_column_text][vc_empty_space][\/vc_column][vc_column width=&#8221;1\/4&#8243;][\/vc_column][\/vc_row][vc_row][vc_column width=&#8221;1\/3&#8243;][\/vc_column][vc_column width=&#8221;1\/3&#8243;][vc_empty_space][vc_empty_space][\/vc_column][vc_column&hellip; <a class=\"read-more-link\" href=\"https:\/\/hellohoney.fi\/fi\/2019\/05\/24\/mustien-mehilaisten-matkassa-mustat-mehilaiset\/\">Lue lis\u00e4\u00e4<\/a><\/p>\n","protected":false},"author":1,"featured_media":0,"parent":0,"menu_order":0,"comment_status":"closed","ping_status":"closed","template":"","meta":{"footnotes":""},"class_list":["post-1961","page","type-page","status-publish","hentry"],"yoast_head":"<!-- This site is optimized with the Yoast SEO plugin v26.8 - https:\/\/yoast.com\/product\/yoast-seo-wordpress\/ -->\n<title>Mustan mehil\u00e4isen hunaja - Hello honey<\/title>\n<meta name=\"robots\" content=\"index, follow, max-snippet:-1, max-image-preview:large, max-video-preview:-1\" \/>\n<link rel=\"canonical\" href=\"https:\/\/hellohoney.fi\/fi\/mustan-mehilaisen-hunaja\/\" \/>\n<meta property=\"og:locale\" content=\"fi_FI\" \/>\n<meta property=\"og:type\" content=\"article\" \/>\n<meta property=\"og:title\" content=\"Mustan mehil\u00e4isen hunaja - Hello honey\" \/>\n<meta property=\"og:description\" content=\"[vc_row][vc_column width=&#8221;1\/3&#8243;][\/vc_column][vc_column width=&#8221;1\/3&#8243;][vc_empty_space][vc_single_image image=&#8221;2334&#8243; img_size=&#8221;full&#8221; alignment=&#8221;center&#8221;][\/vc_column][vc_column width=&#8221;1\/3&#8243;][\/vc_column][\/vc_row][vc_row][vc_column width=&#8221;1\/4&#8243;][\/vc_column][vc_column width=&#8221;1\/2&#8243;][vc_empty_space][vc_column_text] Musta mehil\u00e4inen on ensimm\u00e4inen Suomeen tuotu mehil\u00e4inen [\/vc_column_text][vc_empty_space][vc_column_text] Musta mehil\u00e4inen on ensimm\u00e4inen Suomeen, Turun seudulle, 1750-luvulla tuotu mehil\u00e4inen. Alkuper\u00e4isrotumme l\u00e4hes h\u00e4visi, kunnes muutama mehil\u00e4ishoitaja alkoi suojella harvinaista mustaa mehil\u00e4ist\u00e4. Mustan mehil\u00e4isen hunajaa on saatavilla verkkokaupasta sek\u00e4 K-ruokakaupoista. Lue lis\u00e4\u00e4 mustasta mehil\u00e4isest\u00e4 blogista. [\/vc_column_text][vc_empty_space][\/vc_column][vc_column width=&#8221;1\/4&#8243;][\/vc_column][\/vc_row][vc_row][vc_column width=&#8221;1\/3&#8243;][\/vc_column][vc_column width=&#8221;1\/3&#8243;][vc_empty_space][vc_empty_space][\/vc_column][vc_column&hellip; Lue lis\u00e4\u00e4\" \/>\n<meta property=\"og:url\" content=\"https:\/\/hellohoney.fi\/fi\/mustan-mehilaisen-hunaja\/\" \/>\n<meta property=\"og:site_name\" content=\"Hello honey\" \/>\n<meta property=\"article:modified_time\" content=\"2025-02-26T11:02:11+00:00\" \/>\n<meta name=\"twitter:card\" content=\"summary_large_image\" \/>\n<meta name=\"twitter:label1\" content=\"Arvioitu lukuaika\" \/>\n\t<meta name=\"twitter:data1\" content=\"1 minuutti\" \/>\n<script type=\"application\/ld+json\" class=\"yoast-schema-graph\">{\"@context\":\"https:\/\/schema.org\",\"@graph\":[{\"@type\":\"WebPage\",\"@id\":\"https:\/\/hellohoney.fi\/fi\/mustan-mehilaisen-hunaja\/\",\"url\":\"https:\/\/hellohoney.fi\/fi\/mustan-mehilaisen-hunaja\/\",\"name\":\"Mustan mehil\u00e4isen hunaja - Hello honey\",\"isPartOf\":{\"@id\":\"https:\/\/hellohoney.fi\/#website\"},\"datePublished\":\"2021-10-27T08:23:31+00:00\",\"dateModified\":\"2025-02-26T11:02:11+00:00\",\"breadcrumb\":{\"@id\":\"https:\/\/hellohoney.fi\/fi\/mustan-mehilaisen-hunaja\/#breadcrumb\"},\"inLanguage\":\"fi\",\"potentialAction\":[{\"@type\":\"ReadAction\",\"target\":[\"https:\/\/hellohoney.fi\/fi\/mustan-mehilaisen-hunaja\/\"]}]},{\"@type\":\"BreadcrumbList\",\"@id\":\"https:\/\/hellohoney.fi\/fi\/mustan-mehilaisen-hunaja\/#breadcrumb\",\"itemListElement\":[{\"@type\":\"ListItem\",\"position\":1,\"name\":\"Home\",\"item\":\"https:\/\/hellohoney.fi\/fi\/\"},{\"@type\":\"ListItem\",\"position\":2,\"name\":\"Mustan mehil\u00e4isen hunaja\"}]},{\"@type\":\"WebSite\",\"@id\":\"https:\/\/hellohoney.fi\/#website\",\"url\":\"https:\/\/hellohoney.fi\/\",\"name\":\"Hello honey\",\"description\":\"BEES\u2019 RECIPE \u2013 NOTHING ADDED, NOTHING TAKEN AWAY\",\"potentialAction\":[{\"@type\":\"SearchAction\",\"target\":{\"@type\":\"EntryPoint\",\"urlTemplate\":\"https:\/\/hellohoney.fi\/?s={search_term_string}\"},\"query-input\":{\"@type\":\"PropertyValueSpecification\",\"valueRequired\":true,\"valueName\":\"search_term_string\"}}],\"inLanguage\":\"fi\"}]}<\/script>\n<!-- \/ Yoast SEO plugin. -->","yoast_head_json":{"title":"Mustan mehil\u00e4isen hunaja - Hello honey","robots":{"index":"index","follow":"follow","max-snippet":"max-snippet:-1","max-image-preview":"max-image-preview:large","max-video-preview":"max-video-preview:-1"},"canonical":"https:\/\/hellohoney.fi\/fi\/mustan-mehilaisen-hunaja\/","og_locale":"fi_FI","og_type":"article","og_title":"Mustan mehil\u00e4isen hunaja - Hello honey","og_description":"[vc_row][vc_column width=&#8221;1\/3&#8243;][\/vc_column][vc_column width=&#8221;1\/3&#8243;][vc_empty_space][vc_single_image image=&#8221;2334&#8243; img_size=&#8221;full&#8221; alignment=&#8221;center&#8221;][\/vc_column][vc_column width=&#8221;1\/3&#8243;][\/vc_column][\/vc_row][vc_row][vc_column width=&#8221;1\/4&#8243;][\/vc_column][vc_column width=&#8221;1\/2&#8243;][vc_empty_space][vc_column_text] Musta mehil\u00e4inen on ensimm\u00e4inen Suomeen tuotu mehil\u00e4inen [\/vc_column_text][vc_empty_space][vc_column_text] Musta mehil\u00e4inen on ensimm\u00e4inen Suomeen, Turun seudulle, 1750-luvulla tuotu mehil\u00e4inen. Alkuper\u00e4isrotumme l\u00e4hes h\u00e4visi, kunnes muutama mehil\u00e4ishoitaja alkoi suojella harvinaista mustaa mehil\u00e4ist\u00e4. Mustan mehil\u00e4isen hunajaa on saatavilla verkkokaupasta sek\u00e4 K-ruokakaupoista. Lue lis\u00e4\u00e4 mustasta mehil\u00e4isest\u00e4 blogista. [\/vc_column_text][vc_empty_space][\/vc_column][vc_column width=&#8221;1\/4&#8243;][\/vc_column][\/vc_row][vc_row][vc_column width=&#8221;1\/3&#8243;][\/vc_column][vc_column width=&#8221;1\/3&#8243;][vc_empty_space][vc_empty_space][\/vc_column][vc_column&hellip; Lue lis\u00e4\u00e4","og_url":"https:\/\/hellohoney.fi\/fi\/mustan-mehilaisen-hunaja\/","og_site_name":"Hello honey","article_modified_time":"2025-02-26T11:02:11+00:00","twitter_card":"summary_large_image","twitter_misc":{"Arvioitu lukuaika":"1 minuutti"},"schema":{"@context":"https:\/\/schema.org","@graph":[{"@type":"WebPage","@id":"https:\/\/hellohoney.fi\/fi\/mustan-mehilaisen-hunaja\/","url":"https:\/\/hellohoney.fi\/fi\/mustan-mehilaisen-hunaja\/","name":"Mustan mehil\u00e4isen hunaja - Hello honey","isPartOf":{"@id":"https:\/\/hellohoney.fi\/#website"},"datePublished":"2021-10-27T08:23:31+00:00","dateModified":"2025-02-26T11:02:11+00:00","breadcrumb":{"@id":"https:\/\/hellohoney.fi\/fi\/mustan-mehilaisen-hunaja\/#breadcrumb"},"inLanguage":"fi","potentialAction":[{"@type":"ReadAction","target":["https:\/\/hellohoney.fi\/fi\/mustan-mehilaisen-hunaja\/"]}]},{"@type":"BreadcrumbList","@id":"https:\/\/hellohoney.fi\/fi\/mustan-mehilaisen-hunaja\/#breadcrumb","itemListElement":[{"@type":"ListItem","position":1,"name":"Home","item":"https:\/\/hellohoney.fi\/fi\/"},{"@type":"ListItem","position":2,"name":"Mustan mehil\u00e4isen hunaja"}]},{"@type":"WebSite","@id":"https:\/\/hellohoney.fi\/#website","url":"https:\/\/hellohoney.fi\/","name":"Hello honey","description":"BEES\u2019 RECIPE \u2013 NOTHING ADDED, NOTHING TAKEN AWAY","potentialAction":[{"@type":"SearchAction","target":{"@type":"EntryPoint","urlTemplate":"https:\/\/hellohoney.fi\/?s={search_term_string}"},"query-input":{"@type":"PropertyValueSpecification","valueRequired":true,"valueName":"search_term_string"}}],"inLanguage":"fi"}]}},"_links":{"self":[{"href":"https:\/\/hellohoney.fi\/fi\/wp-json\/wp\/v2\/pages\/1961","targetHints":{"allow":["GET"]}}],"collection":[{"href":"https:\/\/hellohoney.fi\/fi\/wp-json\/wp\/v2\/pages"}],"about":[{"href":"https:\/\/hellohoney.fi\/fi\/wp-json\/wp\/v2\/types\/page"}],"author":[{"embeddable":true,"href":"https:\/\/hellohoney.fi\/fi\/wp-json\/wp\/v2\/users\/1"}],"replies":[{"embeddable":true,"href":"https:\/\/hellohoney.fi\/fi\/wp-json\/wp\/v2\/comments?post=1961"}],"version-history":[{"count":33,"href":"https:\/\/hellohoney.fi\/fi\/wp-json\/wp\/v2\/pages\/1961\/revisions"}],"predecessor-version":[{"id":2336,"href":"https:\/\/hellohoney.fi\/fi\/wp-json\/wp\/v2\/pages\/1961\/revisions\/2336"}],"wp:attachment":[{"href":"https:\/\/hellohoney.fi\/fi\/wp-json\/wp\/v2\/media?parent=1961"}],"curies":[{"name":"wp","href":"https:\/\/api.w.org\/{rel}","templated":true}]}}