{"id":1149,"date":"2019-04-29T15:38:58","date_gmt":"2019-04-29T13:38:58","guid":{"rendered":"http:\/\/hellohoney.fi\/retailers\/"},"modified":"2024-05-21T17:53:31","modified_gmt":"2024-05-21T15:53:31","slug":"jalleenmyyjat","status":"publish","type":"page","link":"https:\/\/hellohoney.fi\/fi\/jalleenmyyjat\/","title":{"rendered":"J\u00e4lleenmyyj\u00e4t"},"content":{"rendered":"<div class=\"wpb-content-wrapper\"><p>[vc_row css=&#8221;.vc_custom_1556552531092{margin-top: 50px !important;margin-bottom: 50px !important;}&#8221;][vc_column][vc_custom_heading text=&#8221;J\u00e4lleenmyyj\u00e4t&#8221; font_container=&#8221;tag:h2|text_align:center|color:%23ed9e15&#8243; use_theme_fonts=&#8221;yes&#8221;][\/vc_column][\/vc_row][vc_row css=&#8221;.vc_custom_1556552545231{margin-bottom: 50px !important;}&#8221;][vc_column css=&#8221;.vc_custom_1556547644408{margin-top: 20px !important;margin-bottom: 20px !important;}&#8221;][vc_column_text css=&#8221;&#8221;]<\/p>\n<p style=\"text-align: center;\">J\u00e4lleenmyyj\u00e4ksi? Tuotteemme ovat tilattavissa s\u00e4hk\u00f6postitse hello@hellohoney.fi. K-kaupat voivat tilata tuotteet suoraan Keskolta.<\/p>\n<p>&nbsp;<\/p>\n<p style=\"text-align: center;\">Jos et l\u00f6yd\u00e4 sopivaa j\u00e4lleenmyyj\u00e4\u00e4, niin laita meille kauppiastoive hello@hellohoney.fi tai toivo tuotetta l\u00e4himp\u00e4\u00e4n K-kauppaan <a href=\"https:\/\/www.k-ruoka.fi\/artikkelit\/k-kaupassa\/ehdotuksestasi-k-kaupan-hyllylle\">t\u00e4\u00e4lt\u00e4<\/a>.<\/p>\n<p>&nbsp;<\/p>\n<h3 style=\"text-align: center;\">HELSINKI<\/h3>\n<p style=\"text-align: center;\"><a href=\"https:\/\/cillas.fi\/\">CILLA&#8217;S<\/a><\/p>\n<p style=\"text-align: center;\"><a href=\"https:\/\/www.olkkarishop.com\/\">OLKKARI SHOP<\/a><\/p>\n<p style=\"text-align: center;\"><a href=\"http:\/\/www.designmuseum.fi\/fi\/\">DESIGN SHOP \/ DESIGNMUSEO<\/a><\/p>\n<p style=\"text-align: center;\"><a href=\"https:\/\/www.facebook.com\/KcitymarketHelsinkiEaston\/\">K-CITYMARKET HELSINKI EASTON<\/a><\/p>\n<p style=\"text-align: center;\"><a href=\"https:\/\/www.facebook.com\/KMustapekka\/\">K-SUPERMARKET MUSTAPEKKA<\/a><\/p>\n<p style=\"text-align: center;\"><a href=\"https:\/\/www.facebook.com\/ksmredi\">K-SUPERMARKET REDI<\/a><\/p>\n<p style=\"text-align: center;\"><a href=\"https:\/\/www.facebook.com\/kmarketaurinkolahti\/\">K-MARKET AURINKOLAHTI<\/a><\/p>\n<p>&nbsp;<\/p>\n<p>&nbsp;<\/p>\n<h3 style=\"text-align: center;\">TURKU<\/h3>\n<p style=\"text-align: center;\"><a href=\"https:\/\/www.facebook.com\/KCMKupittaa\">K-CITYMARKET KUPITTAA<\/a><\/p>\n<p style=\"text-align: center;\"><a href=\"https:\/\/www.facebook.com\/KcmLansikeskus\/\">K-CITYMARKET L\u00c4NSIKESKUS<\/a><\/p>\n<p style=\"text-align: center;\"><a href=\"https:\/\/www.facebook.com\/ksmfori\">K-SUPERMARKET F\u00d6RI<\/a><\/p>\n<p style=\"text-align: center;\"><a href=\"https:\/\/www.facebook.com\/kmvahaheikkila\/\">K-MARKET V\u00c4H\u00c4-HEIKKIL\u00c4<\/a><\/p>\n<h3><\/h3>\n<p>&nbsp;<\/p>\n<p>&nbsp;<\/p>\n<h3 style=\"text-align: center;\">J\u00c4RVENP\u00c4\u00c4<\/h3>\n<p style=\"text-align: center;\"><a href=\"https:\/\/www.facebook.com\/KcitymarketJarvenpaa\/\">K-CITYMARKET J\u00c4RVENP\u00c4\u00c4<\/a><\/p>\n<h3><\/h3>\n<p>&nbsp;<\/p>\n<p>&nbsp;<\/p>\n<h3 style=\"text-align: center;\">ROVANIEMI<\/h3>\n<p style=\"text-align: center;\"><a href=\"https:\/\/www.tiedekeskus-pilke.fi\/fi\/\">TIEDEKESKUS PILKE<\/a><\/p>\n<h3><\/h3>\n<p>&nbsp;<\/p>\n<h3 style=\"text-align: center;\">LOIMAA<\/h3>\n<p style=\"text-align: center;\"><a href=\"https:\/\/www.sarka.fi\/\">SUOMEN MAATALOUSMUSEO SARKA<\/a><\/p>\n<p style=\"text-align: center;\"><a href=\"https:\/\/www.facebook.com\/K-market-Turuntie-ja-K-market-Korintti-Loimaa-652354928485422\/\">K-MARKET KORINTTI &amp; TURUNTIE<\/a><\/p>\n<p style=\"text-align: center;\"><a href=\"https:\/\/www.facebook.com\/kmalastaro\">K-MARKET ALASTARO<\/a><\/p>\n<p style=\"text-align: center;\"><a href=\"https:\/\/www.facebook.com\/KMOripaa\/\">K-MARKET ORIP\u00c4\u00c4<\/a><\/p>\n<p>&nbsp;<\/p>\n<p>&nbsp;<\/p>\n<h3 style=\"text-align: center;\">LOVIISA<\/h3>\n<p style=\"text-align: center;\"><a href=\"https:\/\/www.herttanen.fi\/\">HERTTANEN DESIGN &amp; DELI<\/a><\/p>\n<h3><\/h3>\n<p>&nbsp;<\/p>\n<p>&nbsp;<\/p>\n<h3 style=\"text-align: center;\">HATTULA<\/h3>\n<p style=\"text-align: center;\"><a href=\"https:\/\/www.facebook.com\/K-supermarket-Hattula-241113909282232\/\">K-SUPERMARKET HATTULA<\/a><\/p>\n<p>&nbsp;<\/p>\n<p>&nbsp;<\/p>\n<h3 style=\"text-align: center;\">H\u00c4MEENLINNA<\/h3>\n<p style=\"text-align: center;\"><a href=\"https:\/\/tiirinkoskentehdas.mycashflow.fi\/\">TIIRINKOSKEN TEHDAS<\/a><\/p>\n<p>&nbsp;<\/p>\n<p>&nbsp;<\/p>\n<h3 style=\"text-align: center;\">M\u00c4NTS\u00c4L\u00c4<\/h3>\n<p style=\"text-align: center;\"><a href=\"https:\/\/www.facebook.com\/KcitymarketMantsala\/\">K-CITYMARKET M\u00c4NTS\u00c4L\u00c4<\/a><\/p>\n<p>&nbsp;<\/p>\n<p>&nbsp;<\/p>\n<h3 style=\"text-align: center;\">SALO<\/h3>\n<p style=\"text-align: center;\"><a href=\"https:\/\/www.leinodesign.fi\/\">LEINO DESIGN SHOP<\/a><\/p>\n<p>&nbsp;<\/p>\n<p>&nbsp;<\/p>\n<h3 style=\"text-align: center;\">EURA<\/h3>\n<p style=\"text-align: center;\"><a href=\"https:\/\/www.ihanuuteni.fi\/\">IHANUUTENI<\/a><\/p>\n<p>&nbsp;<\/p>\n<p>&nbsp;<\/p>\n<h3 style=\"text-align: center;\">PARAINEN<\/h3>\n<p style=\"text-align: center;\"><a href=\"https:\/\/www.facebook.com\/pages\/category\/Diner\/Kauppa-ja-kapakka-lielax-175435996713119\/\">LIELAX KAUPPA JA KAPAKKA<\/a><\/p>\n<p>&nbsp;<\/p>\n<p>&nbsp;<\/p>\n<h3 style=\"text-align: center;\">PORVOO<\/h3>\n<p style=\"text-align: center;\"><a href=\"https:\/\/finform.fi\/\">FINFORM<\/a><\/p>\n<p style=\"text-align: center;\"><a href=\"http:\/\/www.skafferi.fi\/\">SKAFFERI<\/a><\/p>\n<p style=\"text-align: center;\"><a href=\"https:\/\/www.facebook.com\/KMarketMarski\">K-MARKET MARSKI<\/a><\/p>\n<p>&nbsp;<\/p>\n<p>&nbsp;<\/p>\n<h3 style=\"text-align: center;\">JOUTSENO<\/h3>\n<p style=\"text-align: center;\"><a href=\"https:\/\/web.facebook.com\/helkkadreams\/?_rdc=1&amp;_rdr\">HELKK\u00c4 DREAMS<\/a><\/p>\n<p>&nbsp;<\/p>\n<p>&nbsp;<\/p>\n<h3 style=\"text-align: center;\">TUUSULA<\/h3>\n<p style=\"text-align: center;\"><a href=\"https:\/\/web.facebook.com\/ruuk.store\/?_rdc=1&amp;_rdr\">RUUK STORE \/ KELLOKOSKEN RUUKKI<\/a><\/p>\n<p>[\/vc_column_text][\/vc_column][\/vc_row]<\/p>\n<\/div>","protected":false},"excerpt":{"rendered":"<p>[vc_row css=&#8221;.vc_custom_1556552531092{margin-top: 50px !important;margin-bottom: 50px !important;}&#8221;][vc_column][vc_custom_heading text=&#8221;J\u00e4lleenmyyj\u00e4t&#8221; font_container=&#8221;tag:h2|text_align:center|color:%23ed9e15&#8243; use_theme_fonts=&#8221;yes&#8221;][\/vc_column][\/vc_row][vc_row css=&#8221;.vc_custom_1556552545231{margin-bottom: 50px !important;}&#8221;][vc_column css=&#8221;.vc_custom_1556547644408{margin-top: 20px !important;margin-bottom: 20px !important;}&#8221;][vc_column_text css=&#8221;&#8221;] J\u00e4lleenmyyj\u00e4ksi? Tuotteemme ovat tilattavissa s\u00e4hk\u00f6postitse hello@hellohoney.fi. K-kaupat voivat tilata tuotteet suoraan Keskolta. &nbsp; Jos et l\u00f6yd\u00e4 sopivaa j\u00e4lleenmyyj\u00e4\u00e4, niin laita meille kauppiastoive hello@hellohoney.fi tai toivo tuotetta l\u00e4himp\u00e4\u00e4n K-kauppaan t\u00e4\u00e4lt\u00e4. &nbsp; HELSINKI CILLA&#8217;S OLKKARI SHOP DESIGN SHOP \/&hellip; <a class=\"read-more-link\" href=\"https:\/\/hellohoney.fi\/fi\/jalleenmyyjat\/\">Lue lis\u00e4\u00e4<\/a><\/p>\n","protected":false},"author":6,"featured_media":0,"parent":0,"menu_order":0,"comment_status":"closed","ping_status":"closed","template":"","meta":{"footnotes":""},"class_list":["post-1149","page","type-page","status-publish","hentry"],"yoast_head":"<!-- This site is optimized with the Yoast SEO plugin v26.8 - https:\/\/yoast.com\/product\/yoast-seo-wordpress\/ -->\n<title>J\u00e4lleenmyyj\u00e4t - Hello honey<\/title>\n<meta name=\"robots\" content=\"index, follow, max-snippet:-1, max-image-preview:large, max-video-preview:-1\" \/>\n<link rel=\"canonical\" href=\"https:\/\/hellohoney.fi\/fi\/jalleenmyyjat\/\" \/>\n<meta property=\"og:locale\" content=\"fi_FI\" \/>\n<meta property=\"og:type\" content=\"article\" \/>\n<meta property=\"og:title\" content=\"J\u00e4lleenmyyj\u00e4t - Hello honey\" \/>\n<meta property=\"og:description\" content=\"[vc_row css=&#8221;.vc_custom_1556552531092{margin-top: 50px !important;margin-bottom: 50px !important;}&#8221;][vc_column][vc_custom_heading text=&#8221;J\u00e4lleenmyyj\u00e4t&#8221; font_container=&#8221;tag:h2|text_align:center|color:%23ed9e15&#8243; use_theme_fonts=&#8221;yes&#8221;][\/vc_column][\/vc_row][vc_row css=&#8221;.vc_custom_1556552545231{margin-bottom: 50px !important;}&#8221;][vc_column css=&#8221;.vc_custom_1556547644408{margin-top: 20px !important;margin-bottom: 20px !important;}&#8221;][vc_column_text css=&#8221;&#8221;] J\u00e4lleenmyyj\u00e4ksi? Tuotteemme ovat tilattavissa s\u00e4hk\u00f6postitse hello@hellohoney.fi. K-kaupat voivat tilata tuotteet suoraan Keskolta. &nbsp; Jos et l\u00f6yd\u00e4 sopivaa j\u00e4lleenmyyj\u00e4\u00e4, niin laita meille kauppiastoive hello@hellohoney.fi tai toivo tuotetta l\u00e4himp\u00e4\u00e4n K-kauppaan t\u00e4\u00e4lt\u00e4. &nbsp; HELSINKI CILLA&#8217;S OLKKARI SHOP DESIGN SHOP \/&hellip; Lue lis\u00e4\u00e4\" \/>\n<meta property=\"og:url\" content=\"https:\/\/hellohoney.fi\/fi\/jalleenmyyjat\/\" \/>\n<meta property=\"og:site_name\" content=\"Hello honey\" \/>\n<meta property=\"article:modified_time\" content=\"2024-05-21T15:53:31+00:00\" \/>\n<meta name=\"twitter:card\" content=\"summary_large_image\" \/>\n<meta name=\"twitter:label1\" content=\"Arvioitu lukuaika\" \/>\n\t<meta name=\"twitter:data1\" content=\"1 minuutti\" \/>\n<script type=\"application\/ld+json\" class=\"yoast-schema-graph\">{\"@context\":\"https:\/\/schema.org\",\"@graph\":[{\"@type\":\"WebPage\",\"@id\":\"https:\/\/hellohoney.fi\/fi\/jalleenmyyjat\/\",\"url\":\"https:\/\/hellohoney.fi\/fi\/jalleenmyyjat\/\",\"name\":\"J\u00e4lleenmyyj\u00e4t - Hello honey\",\"isPartOf\":{\"@id\":\"https:\/\/hellohoney.fi\/#website\"},\"datePublished\":\"2019-04-29T13:38:58+00:00\",\"dateModified\":\"2024-05-21T15:53:31+00:00\",\"breadcrumb\":{\"@id\":\"https:\/\/hellohoney.fi\/fi\/jalleenmyyjat\/#breadcrumb\"},\"inLanguage\":\"fi\",\"potentialAction\":[{\"@type\":\"ReadAction\",\"target\":[\"https:\/\/hellohoney.fi\/fi\/jalleenmyyjat\/\"]}]},{\"@type\":\"BreadcrumbList\",\"@id\":\"https:\/\/hellohoney.fi\/fi\/jalleenmyyjat\/#breadcrumb\",\"itemListElement\":[{\"@type\":\"ListItem\",\"position\":1,\"name\":\"Home\",\"item\":\"https:\/\/hellohoney.fi\/fi\/\"},{\"@type\":\"ListItem\",\"position\":2,\"name\":\"J\u00e4lleenmyyj\u00e4t\"}]},{\"@type\":\"WebSite\",\"@id\":\"https:\/\/hellohoney.fi\/#website\",\"url\":\"https:\/\/hellohoney.fi\/\",\"name\":\"Hello honey\",\"description\":\"BEES\u2019 RECIPE \u2013 NOTHING ADDED, NOTHING TAKEN AWAY\",\"potentialAction\":[{\"@type\":\"SearchAction\",\"target\":{\"@type\":\"EntryPoint\",\"urlTemplate\":\"https:\/\/hellohoney.fi\/?s={search_term_string}\"},\"query-input\":{\"@type\":\"PropertyValueSpecification\",\"valueRequired\":true,\"valueName\":\"search_term_string\"}}],\"inLanguage\":\"fi\"}]}<\/script>\n<!-- \/ Yoast SEO plugin. -->","yoast_head_json":{"title":"J\u00e4lleenmyyj\u00e4t - Hello honey","robots":{"index":"index","follow":"follow","max-snippet":"max-snippet:-1","max-image-preview":"max-image-preview:large","max-video-preview":"max-video-preview:-1"},"canonical":"https:\/\/hellohoney.fi\/fi\/jalleenmyyjat\/","og_locale":"fi_FI","og_type":"article","og_title":"J\u00e4lleenmyyj\u00e4t - Hello honey","og_description":"[vc_row css=&#8221;.vc_custom_1556552531092{margin-top: 50px !important;margin-bottom: 50px !important;}&#8221;][vc_column][vc_custom_heading text=&#8221;J\u00e4lleenmyyj\u00e4t&#8221; font_container=&#8221;tag:h2|text_align:center|color:%23ed9e15&#8243; use_theme_fonts=&#8221;yes&#8221;][\/vc_column][\/vc_row][vc_row css=&#8221;.vc_custom_1556552545231{margin-bottom: 50px !important;}&#8221;][vc_column css=&#8221;.vc_custom_1556547644408{margin-top: 20px !important;margin-bottom: 20px !important;}&#8221;][vc_column_text css=&#8221;&#8221;] J\u00e4lleenmyyj\u00e4ksi? Tuotteemme ovat tilattavissa s\u00e4hk\u00f6postitse hello@hellohoney.fi. K-kaupat voivat tilata tuotteet suoraan Keskolta. &nbsp; Jos et l\u00f6yd\u00e4 sopivaa j\u00e4lleenmyyj\u00e4\u00e4, niin laita meille kauppiastoive hello@hellohoney.fi tai toivo tuotetta l\u00e4himp\u00e4\u00e4n K-kauppaan t\u00e4\u00e4lt\u00e4. &nbsp; HELSINKI CILLA&#8217;S OLKKARI SHOP DESIGN SHOP \/&hellip; Lue lis\u00e4\u00e4","og_url":"https:\/\/hellohoney.fi\/fi\/jalleenmyyjat\/","og_site_name":"Hello honey","article_modified_time":"2024-05-21T15:53:31+00:00","twitter_card":"summary_large_image","twitter_misc":{"Arvioitu lukuaika":"1 minuutti"},"schema":{"@context":"https:\/\/schema.org","@graph":[{"@type":"WebPage","@id":"https:\/\/hellohoney.fi\/fi\/jalleenmyyjat\/","url":"https:\/\/hellohoney.fi\/fi\/jalleenmyyjat\/","name":"J\u00e4lleenmyyj\u00e4t - Hello honey","isPartOf":{"@id":"https:\/\/hellohoney.fi\/#website"},"datePublished":"2019-04-29T13:38:58+00:00","dateModified":"2024-05-21T15:53:31+00:00","breadcrumb":{"@id":"https:\/\/hellohoney.fi\/fi\/jalleenmyyjat\/#breadcrumb"},"inLanguage":"fi","potentialAction":[{"@type":"ReadAction","target":["https:\/\/hellohoney.fi\/fi\/jalleenmyyjat\/"]}]},{"@type":"BreadcrumbList","@id":"https:\/\/hellohoney.fi\/fi\/jalleenmyyjat\/#breadcrumb","itemListElement":[{"@type":"ListItem","position":1,"name":"Home","item":"https:\/\/hellohoney.fi\/fi\/"},{"@type":"ListItem","position":2,"name":"J\u00e4lleenmyyj\u00e4t"}]},{"@type":"WebSite","@id":"https:\/\/hellohoney.fi\/#website","url":"https:\/\/hellohoney.fi\/","name":"Hello honey","description":"BEES\u2019 RECIPE \u2013 NOTHING ADDED, NOTHING TAKEN AWAY","potentialAction":[{"@type":"SearchAction","target":{"@type":"EntryPoint","urlTemplate":"https:\/\/hellohoney.fi\/?s={search_term_string}"},"query-input":{"@type":"PropertyValueSpecification","valueRequired":true,"valueName":"search_term_string"}}],"inLanguage":"fi"}]}},"_links":{"self":[{"href":"https:\/\/hellohoney.fi\/fi\/wp-json\/wp\/v2\/pages\/1149","targetHints":{"allow":["GET"]}}],"collection":[{"href":"https:\/\/hellohoney.fi\/fi\/wp-json\/wp\/v2\/pages"}],"about":[{"href":"https:\/\/hellohoney.fi\/fi\/wp-json\/wp\/v2\/types\/page"}],"author":[{"embeddable":true,"href":"https:\/\/hellohoney.fi\/fi\/wp-json\/wp\/v2\/users\/6"}],"replies":[{"embeddable":true,"href":"https:\/\/hellohoney.fi\/fi\/wp-json\/wp\/v2\/comments?post=1149"}],"version-history":[{"count":27,"href":"https:\/\/hellohoney.fi\/fi\/wp-json\/wp\/v2\/pages\/1149\/revisions"}],"predecessor-version":[{"id":2289,"href":"https:\/\/hellohoney.fi\/fi\/wp-json\/wp\/v2\/pages\/1149\/revisions\/2289"}],"wp:attachment":[{"href":"https:\/\/hellohoney.fi\/fi\/wp-json\/wp\/v2\/media?parent=1149"}],"curies":[{"name":"wp","href":"https:\/\/api.w.org\/{rel}","templated":true}]}}